{"id":15279,"date":"2025-04-18T12:15:58","date_gmt":"2025-04-18T12:15:58","guid":{"rendered":"https:\/\/maikbecker.ch\/?page_id=15279"},"modified":"2025-04-26T19:52:09","modified_gmt":"2025-04-26T19:52:09","slug":"leseprobe-ein-marathon-geht-immer","status":"publish","type":"page","link":"https:\/\/maikbecker.ch\/index.php\/leseprobe-ein-marathon-geht-immer\/","title":{"rendered":"Ein Marathon geht immer"},"content":{"rendered":"<div class=\"wpb-content-wrapper\"><p>[vc_row][vc_column][vc_single_image image=&#8220;15456&#8243; img_size=&#8220;full&#8220; alignment=&#8220;center&#8220; onclick=&#8220;custom_link&#8220; img_link_target=&#8220;_blank&#8220; css=&#8220;&#8220; link=&#8220;https:\/\/www.yumpu.com\/de\/document\/view\/70328723\/leseprobe-ein-marathon-geht-immer&#8220;][vc_column_text css=&#8220;&#8220;]<\/p>\n<h4 style=\"text-align: center;\">Ein Marathon geht immer<\/h4>\n<p>[\/vc_column_text][gsf_space desktop=&#8220;40&#8243; tablet=&#8220;30&#8243; tablet_portrait=&#8220;25&#8243; mobile_landscape=&#8220;20&#8243; mobile=&#8220;15&#8243;][vc_column_text css=&#8220;&#8220;]Ich mag es, beim Laufen abzuschalten. Neue Gedanken aufkeimen zu lassen. Oder einfach nichts zu denken und den Wind, die Sonne oder K\u00e4lte zu sp\u00fcren. Allein oder mit anderen, beides hat seinen Reiz. Auf einer Trainingsrunde kam mir dann in genau dieser Stimmung eine weitreichende Idee. Laufen auf allen sieben Kontinenten. Ultral\u00e4ufe. In einem Zeitraum von zw\u00f6lf\u00a0 Monaten. Ein Gedanke, der sich schnell im Gehirn als Traum festsetzt. Eine Herausforderung, die sich mit meiner steigenden Reiselust bestens vereinbaren l\u00e4sst. Es soll eingebunden werden in ein Hilfsprojekt.<\/p>\n<p>Irgendwann hatte ich von den ausgefallensten Wettk\u00e4mpfen auf unserem Planeten geh\u00f6rt: ein Lauf in der Antarktis, all die W\u00fcstendinger, L\u00e4ufe in 5.000 Metern H\u00f6he usw. W\u00e4hrend der\u00a0 Vorstellung des Projekts bei einer Marketingexpertin wies sie mich auf einen Makel hin. Sieben Ultral\u00e4ufe auf sieben Kontinenten in zw\u00f6lf Monaten klingt nicht rund und ist schlecht zu vermarkten. Um Spender zu finden, muss ein gut kommunizierbares Konzept erstellt werden. Es w\u00e4re besser, den Zeitrahmen ebenfalls auf die Zahl sieben festzulegen. Also nicht sieben Jahre,\u00a0 sondern sieben Monate.<\/p>\n<p>Da haben wir den Salat. Die Herausforderung wird nicht geringer. Interessanterweise nimmt der Ansporn in gleichem Masse zu. Es sind nicht die Aufgaben, die uns leichter fallen, von denen wir schwer abzubringen sind. Im Gegenteil, lassen uns grosse Projekte \u00fcber uns hinauswachsen.<\/p>\n<p>Die Idee ist super. Das hat so noch niemand gemacht. Als experimentierfreudiger Mensch bin ich sofort dabei. Etwas kribbelt in mir. Ich kann es kaum erwarten, an der ersten Startlinie zu stehen. Doch bis dahin bis folgt noch ein langer Weg. Das Projekt &#8222;Run for Children&#8220; wird f\u00fcr zwei komplette Jahre zum Programm.[\/vc_column_text][\/vc_column][\/vc_row][vc_row][vc_column][gsf_space desktop=&#8220;40&#8243; tablet=&#8220;30&#8243; tablet_portrait=&#8220;25&#8243; mobile_landscape=&#8220;20&#8243; mobile=&#8220;20&#8243;][gsf_space desktop=&#8220;40&#8243; tablet=&#8220;30&#8243; tablet_portrait=&#8220;25&#8243; mobile_landscape=&#8220;20&#8243; mobile=&#8220;20&#8243;][vc_separator border_width=&#8220;3&#8243; el_width=&#8220;70&#8243; el_class=&#8220;&#8220; css=&#8220;&#8220;][gsf_space desktop=&#8220;70&#8243; tablet=&#8220;50&#8243; tablet_portrait=&#8220;40&#8243; mobile_landscape=&#8220;40&#8243; mobile=&#8220;30&#8243;][gsf_view_demo columns_gutter=&#8220;none&#8220; columns=&#8220;1&#8243; columns_md=&#8220;1&#8243; columns_sm=&#8220;1&#8243; columns_xs=&#8220;1&#8243; columns_mb=&#8220;1&#8243; demo_items=&#8220;%5B%7B%22title%22%3A%22Klick%20hier%20f%C3%BCr%20eine%20Leseprobe%22%2C%22image%22%3A%2215462%22%2C%22link%22%3A%22url%3Ahttps%253A%252F%252Fwww.yumpu.com%252Fde%252Fdocument%252Fview%252F70328723%252Fleseprobe-ein-marathon-geht-immer%7Ctitle%3ALeseprobe%2520Ein%2520Marathon%2520geht%2520immer%22%7D%5D&#8220;][gsf_space desktop=&#8220;40&#8243; tablet=&#8220;30&#8243; tablet_portrait=&#8220;25&#8243; mobile_landscape=&#8220;20&#8243; mobile=&#8220;20&#8243;][vc_separator border_width=&#8220;3&#8243; el_width=&#8220;70&#8243; el_class=&#8220;&#8220; css=&#8220;&#8220;][\/vc_column][\/vc_row][vc_row][vc_column][gsf_space desktop=&#8220;40&#8243; tablet=&#8220;30&#8243; tablet_portrait=&#8220;25&#8243; mobile_landscape=&#8220;20&#8243; mobile=&#8220;20&#8243;][gsf_space desktop=&#8220;40&#8243; tablet=&#8220;30&#8243; tablet_portrait=&#8220;25&#8243; mobile_landscape=&#8220;20&#8243; mobile=&#8220;20&#8243;][vc_column_text css=&#8220;&#8220;]Bislang hatte ich \u00fcber meine Laufabenteuer rund um den Globus regelm\u00e4ssig in Laufmagazinen berichtet. im Jahr 2022 habe ich den &#8222;Run for Children&#8220;, mehr noch, einen Lebenswandel und Gedankenans\u00e4tze zu Bewegung und dem Leben im Allgemeinen in druckreifer Form verfasst. Lasst euch entf\u00fchren in die entlegensten Ecken unseres Planeten. Und in die Gedankenwelt eines entspannten Mitmenschen, weit \u00fcber das Laufen hinaus.<\/p>\n<p>Und? Interessant? Dann bestell dir gleich ein Exemplar des gesamten Buches. Wenn du auf den Button &#8222;Buch ohne Widmung bestellen&#8220; klickst, hast du die Wahl zwischen dem gedrucktem Buch oder einem E-Book. Mit Widmung wird dann nat\u00fcrlich das Werk im Taschenbuchformat versandt.[\/vc_column_text][gsf_space desktop=&#8220;40&#8243; tablet=&#8220;30&#8243; tablet_portrait=&#8220;25&#8243; mobile_landscape=&#8220;20&#8243; mobile=&#8220;20&#8243;][\/vc_column][\/vc_row][vc_row][vc_column width=&#8220;1\/3&#8243;][gsf_button title=&#8220;Buch ohne Widmung bestellen&#8220; style=&#8220;outline&#8220; shape=&#8220;rounded&#8220; color=&#8220;accent&#8220; align=&#8220;center&#8220; link=&#8220;url:https%3A%2F%2Fdersportverlag.de%2Fdetailview%3Fno%3D137943&#8243;][gsf_space desktop=&#8220;40&#8243; tablet=&#8220;30&#8243; tablet_portrait=&#8220;25&#8243; mobile_landscape=&#8220;20&#8243; mobile=&#8220;18&#8243;][\/vc_column][vc_column width=&#8220;1\/3&#8243;][gsf_button title=&#8220;Buch mit Widmung bestellen&#8220; style=&#8220;outline&#8220; shape=&#8220;rounded&#8220; color=&#8220;accent&#8220; align=&#8220;center&#8220; link=&#8220;url:https%3A%2F%2Fmaikbecker.ch%2Findex.php%2Fbuch-bestellen%2F|title:Buch%20bestellen&#8220;][gsf_space desktop=&#8220;40&#8243; tablet=&#8220;30&#8243; tablet_portrait=&#8220;25&#8243; mobile_landscape=&#8220;20&#8243; mobile=&#8220;18&#8243;][\/vc_column][vc_column width=&#8220;1\/3&#8243;][gsf_button title=&#8220;Alle B\u00fccher anschauen&#8220; style=&#8220;outline&#8220; shape=&#8220;rounded&#8220; color=&#8220;accent&#8220; align=&#8220;center&#8220; link=&#8220;url:https%3A%2F%2Fmaikbecker.ch%2Findex.php%2Fbuecher%2F|title:B%C3%BCcher&#8220;][\/vc_column][\/vc_row]<\/p>\n<\/div>","protected":false},"excerpt":{"rendered":"<p>[vc_row][vc_column][vc_single_image image=&#8220;15456&#8243; img_size=&#8220;full&#8220; alignment=&#8220;center&#8220; onclick=&#8220;custom_link&#8220; img_link_target=&#8220;_blank&#8220; css=&#8220;&#8220; link=&#8220;https:\/\/www.yumpu.com\/de\/document\/view\/70328723\/leseprobe-ein-marathon-geht-immer&#8220;][vc_column_text css=&#8220;&#8220;] Ein Marathon geht immer [\/vc_column_text][gsf_space desktop=&#8220;40&#8243; tablet=&#8220;30&#8243; tablet_portrait=&#8220;25&#8243; mobile_landscape=&#8220;20&#8243; mobile=&#8220;15&#8243;][vc_column_text css=&#8220;&#8220;]Ich mag es, beim Laufen abzuschalten. Neue Gedanken aufkeimen zu lassen. [&hellip;]<\/p>\n","protected":false},"author":1,"featured_media":15456,"parent":0,"menu_order":0,"comment_status":"closed","ping_status":"closed","template":"","meta":{"footnotes":""},"class_list":["post-15279","page","type-page","status-publish","has-post-thumbnail","hentry"],"yoast_head":"<!-- This site is optimized with the Yoast SEO plugin v27.3 - https:\/\/yoast.com\/product\/yoast-seo-wordpress\/ -->\n<title>Ein Marathon geht immer - Maik Becker<\/title>\n<meta name=\"description\" content=\"Ein Buch \u00fcber den Lebenswandel vom Antisportler zum Ausdauerexperten. Gedankenans\u00e4tze weit \u00fcber das Laufen hinaus.\" \/>\n<meta name=\"robots\" content=\"index, follow, max-snippet:-1, max-image-preview:large, max-video-preview:-1\" \/>\n<link rel=\"canonical\" href=\"https:\/\/maikbecker.ch\/index.php\/leseprobe-ein-marathon-geht-immer\/\" \/>\n<meta property=\"og:locale\" content=\"de_DE\" \/>\n<meta property=\"og:type\" content=\"article\" \/>\n<meta property=\"og:title\" content=\"Ein Marathon geht immer - Maik Becker\" \/>\n<meta property=\"og:description\" content=\"Ein Buch \u00fcber den Lebenswandel vom Antisportler zum Ausdauerexperten. Gedankenans\u00e4tze weit \u00fcber das Laufen hinaus.\" \/>\n<meta property=\"og:url\" content=\"https:\/\/maikbecker.ch\/index.php\/leseprobe-ein-marathon-geht-immer\/\" \/>\n<meta property=\"og:site_name\" content=\"Maik Becker\" \/>\n<meta property=\"article:publisher\" content=\"https:\/\/www.facebook.com\/maik.becker.794\" \/>\n<meta property=\"article:modified_time\" content=\"2025-04-26T19:52:09+00:00\" \/>\n<meta property=\"og:image\" content=\"https:\/\/maikbecker.ch\/wp-content\/uploads\/2025\/04\/hintergrund-emgi.png\" \/>\n\t<meta property=\"og:image:width\" content=\"1920\" \/>\n\t<meta property=\"og:image:height\" content=\"630\" \/>\n\t<meta property=\"og:image:type\" content=\"image\/png\" \/>\n<meta name=\"twitter:card\" content=\"summary_large_image\" \/>\n<meta name=\"twitter:label1\" content=\"Gesch\u00e4tzte Lesezeit\" \/>\n\t<meta name=\"twitter:data1\" content=\"4\u00a0Minuten\" \/>\n<script type=\"application\/ld+json\" class=\"yoast-schema-graph\">{\"@context\":\"https:\\\/\\\/schema.org\",\"@graph\":[{\"@type\":\"WebPage\",\"@id\":\"https:\\\/\\\/maikbecker.ch\\\/index.php\\\/leseprobe-ein-marathon-geht-immer\\\/\",\"url\":\"https:\\\/\\\/maikbecker.ch\\\/index.php\\\/leseprobe-ein-marathon-geht-immer\\\/\",\"name\":\"Ein Marathon geht immer - Maik Becker\",\"isPartOf\":{\"@id\":\"https:\\\/\\\/maikbecker.ch\\\/#website\"},\"primaryImageOfPage\":{\"@id\":\"https:\\\/\\\/maikbecker.ch\\\/index.php\\\/leseprobe-ein-marathon-geht-immer\\\/#primaryimage\"},\"image\":{\"@id\":\"https:\\\/\\\/maikbecker.ch\\\/index.php\\\/leseprobe-ein-marathon-geht-immer\\\/#primaryimage\"},\"thumbnailUrl\":\"https:\\\/\\\/maikbecker.ch\\\/wp-content\\\/uploads\\\/2025\\\/04\\\/hintergrund-emgi.png\",\"datePublished\":\"2025-04-18T12:15:58+00:00\",\"dateModified\":\"2025-04-26T19:52:09+00:00\",\"description\":\"Ein Buch \u00fcber den Lebenswandel vom Antisportler zum Ausdauerexperten. Gedankenans\u00e4tze weit \u00fcber das Laufen hinaus.\",\"breadcrumb\":{\"@id\":\"https:\\\/\\\/maikbecker.ch\\\/index.php\\\/leseprobe-ein-marathon-geht-immer\\\/#breadcrumb\"},\"inLanguage\":\"de\",\"potentialAction\":[{\"@type\":\"ReadAction\",\"target\":[\"https:\\\/\\\/maikbecker.ch\\\/index.php\\\/leseprobe-ein-marathon-geht-immer\\\/\"]}]},{\"@type\":\"ImageObject\",\"inLanguage\":\"de\",\"@id\":\"https:\\\/\\\/maikbecker.ch\\\/index.php\\\/leseprobe-ein-marathon-geht-immer\\\/#primaryimage\",\"url\":\"https:\\\/\\\/maikbecker.ch\\\/wp-content\\\/uploads\\\/2025\\\/04\\\/hintergrund-emgi.png\",\"contentUrl\":\"https:\\\/\\\/maikbecker.ch\\\/wp-content\\\/uploads\\\/2025\\\/04\\\/hintergrund-emgi.png\",\"width\":1920,\"height\":630},{\"@type\":\"BreadcrumbList\",\"@id\":\"https:\\\/\\\/maikbecker.ch\\\/index.php\\\/leseprobe-ein-marathon-geht-immer\\\/#breadcrumb\",\"itemListElement\":[{\"@type\":\"ListItem\",\"position\":1,\"name\":\"Startseite\",\"item\":\"https:\\\/\\\/maikbecker.ch\\\/\"},{\"@type\":\"ListItem\",\"position\":2,\"name\":\"Ein Marathon geht immer\"}]},{\"@type\":\"WebSite\",\"@id\":\"https:\\\/\\\/maikbecker.ch\\\/#website\",\"url\":\"https:\\\/\\\/maikbecker.ch\\\/\",\"name\":\"Maik Becker\",\"description\":\"\",\"publisher\":{\"@id\":\"https:\\\/\\\/maikbecker.ch\\\/#\\\/schema\\\/person\\\/045cb3cc470cff41f26a4a46880f2db6\"},\"potentialAction\":[{\"@type\":\"SearchAction\",\"target\":{\"@type\":\"EntryPoint\",\"urlTemplate\":\"https:\\\/\\\/maikbecker.ch\\\/?s={search_term_string}\"},\"query-input\":{\"@type\":\"PropertyValueSpecification\",\"valueRequired\":true,\"valueName\":\"search_term_string\"}}],\"inLanguage\":\"de\"},{\"@type\":[\"Person\",\"Organization\"],\"@id\":\"https:\\\/\\\/maikbecker.ch\\\/#\\\/schema\\\/person\\\/045cb3cc470cff41f26a4a46880f2db6\",\"name\":\"admin\",\"image\":{\"@type\":\"ImageObject\",\"inLanguage\":\"de\",\"@id\":\"https:\\\/\\\/secure.gravatar.com\\\/avatar\\\/7cb8e3affbf4c4eac6085f3ccc95f3461be53bc1e4e303f445ddcddfa90371fe?s=96&d=mm&r=g\",\"url\":\"https:\\\/\\\/secure.gravatar.com\\\/avatar\\\/7cb8e3affbf4c4eac6085f3ccc95f3461be53bc1e4e303f445ddcddfa90371fe?s=96&d=mm&r=g\",\"contentUrl\":\"https:\\\/\\\/secure.gravatar.com\\\/avatar\\\/7cb8e3affbf4c4eac6085f3ccc95f3461be53bc1e4e303f445ddcddfa90371fe?s=96&d=mm&r=g\",\"caption\":\"admin\"},\"logo\":{\"@id\":\"https:\\\/\\\/secure.gravatar.com\\\/avatar\\\/7cb8e3affbf4c4eac6085f3ccc95f3461be53bc1e4e303f445ddcddfa90371fe?s=96&d=mm&r=g\"},\"sameAs\":[\"https:\\\/\\\/maikbecker.ch\",\"https:\\\/\\\/www.facebook.com\\\/maik.becker.794\",\"https:\\\/\\\/www.instagram.com\\\/maikbeckerofficial\\\/\",\"https:\\\/\\\/www.linkedin.com\\\/in\\\/maik-becker-93931242\\\/\"]}]}<\/script>\n<!-- \/ Yoast SEO plugin. -->","yoast_head_json":{"title":"Ein Marathon geht immer - Maik Becker","description":"Ein Buch \u00fcber den Lebenswandel vom Antisportler zum Ausdauerexperten. Gedankenans\u00e4tze weit \u00fcber das Laufen hinaus.","robots":{"index":"index","follow":"follow","max-snippet":"max-snippet:-1","max-image-preview":"max-image-preview:large","max-video-preview":"max-video-preview:-1"},"canonical":"https:\/\/maikbecker.ch\/index.php\/leseprobe-ein-marathon-geht-immer\/","og_locale":"de_DE","og_type":"article","og_title":"Ein Marathon geht immer - Maik Becker","og_description":"Ein Buch \u00fcber den Lebenswandel vom Antisportler zum Ausdauerexperten. Gedankenans\u00e4tze weit \u00fcber das Laufen hinaus.","og_url":"https:\/\/maikbecker.ch\/index.php\/leseprobe-ein-marathon-geht-immer\/","og_site_name":"Maik Becker","article_publisher":"https:\/\/www.facebook.com\/maik.becker.794","article_modified_time":"2025-04-26T19:52:09+00:00","og_image":[{"width":1920,"height":630,"url":"https:\/\/maikbecker.ch\/wp-content\/uploads\/2025\/04\/hintergrund-emgi.png","type":"image\/png"}],"twitter_card":"summary_large_image","twitter_misc":{"Gesch\u00e4tzte Lesezeit":"4\u00a0Minuten"},"schema":{"@context":"https:\/\/schema.org","@graph":[{"@type":"WebPage","@id":"https:\/\/maikbecker.ch\/index.php\/leseprobe-ein-marathon-geht-immer\/","url":"https:\/\/maikbecker.ch\/index.php\/leseprobe-ein-marathon-geht-immer\/","name":"Ein Marathon geht immer - Maik Becker","isPartOf":{"@id":"https:\/\/maikbecker.ch\/#website"},"primaryImageOfPage":{"@id":"https:\/\/maikbecker.ch\/index.php\/leseprobe-ein-marathon-geht-immer\/#primaryimage"},"image":{"@id":"https:\/\/maikbecker.ch\/index.php\/leseprobe-ein-marathon-geht-immer\/#primaryimage"},"thumbnailUrl":"https:\/\/maikbecker.ch\/wp-content\/uploads\/2025\/04\/hintergrund-emgi.png","datePublished":"2025-04-18T12:15:58+00:00","dateModified":"2025-04-26T19:52:09+00:00","description":"Ein Buch \u00fcber den Lebenswandel vom Antisportler zum Ausdauerexperten. Gedankenans\u00e4tze weit \u00fcber das Laufen hinaus.","breadcrumb":{"@id":"https:\/\/maikbecker.ch\/index.php\/leseprobe-ein-marathon-geht-immer\/#breadcrumb"},"inLanguage":"de","potentialAction":[{"@type":"ReadAction","target":["https:\/\/maikbecker.ch\/index.php\/leseprobe-ein-marathon-geht-immer\/"]}]},{"@type":"ImageObject","inLanguage":"de","@id":"https:\/\/maikbecker.ch\/index.php\/leseprobe-ein-marathon-geht-immer\/#primaryimage","url":"https:\/\/maikbecker.ch\/wp-content\/uploads\/2025\/04\/hintergrund-emgi.png","contentUrl":"https:\/\/maikbecker.ch\/wp-content\/uploads\/2025\/04\/hintergrund-emgi.png","width":1920,"height":630},{"@type":"BreadcrumbList","@id":"https:\/\/maikbecker.ch\/index.php\/leseprobe-ein-marathon-geht-immer\/#breadcrumb","itemListElement":[{"@type":"ListItem","position":1,"name":"Startseite","item":"https:\/\/maikbecker.ch\/"},{"@type":"ListItem","position":2,"name":"Ein Marathon geht immer"}]},{"@type":"WebSite","@id":"https:\/\/maikbecker.ch\/#website","url":"https:\/\/maikbecker.ch\/","name":"Maik Becker","description":"","publisher":{"@id":"https:\/\/maikbecker.ch\/#\/schema\/person\/045cb3cc470cff41f26a4a46880f2db6"},"potentialAction":[{"@type":"SearchAction","target":{"@type":"EntryPoint","urlTemplate":"https:\/\/maikbecker.ch\/?s={search_term_string}"},"query-input":{"@type":"PropertyValueSpecification","valueRequired":true,"valueName":"search_term_string"}}],"inLanguage":"de"},{"@type":["Person","Organization"],"@id":"https:\/\/maikbecker.ch\/#\/schema\/person\/045cb3cc470cff41f26a4a46880f2db6","name":"admin","image":{"@type":"ImageObject","inLanguage":"de","@id":"https:\/\/secure.gravatar.com\/avatar\/7cb8e3affbf4c4eac6085f3ccc95f3461be53bc1e4e303f445ddcddfa90371fe?s=96&d=mm&r=g","url":"https:\/\/secure.gravatar.com\/avatar\/7cb8e3affbf4c4eac6085f3ccc95f3461be53bc1e4e303f445ddcddfa90371fe?s=96&d=mm&r=g","contentUrl":"https:\/\/secure.gravatar.com\/avatar\/7cb8e3affbf4c4eac6085f3ccc95f3461be53bc1e4e303f445ddcddfa90371fe?s=96&d=mm&r=g","caption":"admin"},"logo":{"@id":"https:\/\/secure.gravatar.com\/avatar\/7cb8e3affbf4c4eac6085f3ccc95f3461be53bc1e4e303f445ddcddfa90371fe?s=96&d=mm&r=g"},"sameAs":["https:\/\/maikbecker.ch","https:\/\/www.facebook.com\/maik.becker.794","https:\/\/www.instagram.com\/maikbeckerofficial\/","https:\/\/www.linkedin.com\/in\/maik-becker-93931242\/"]}]}},"_links":{"self":[{"href":"https:\/\/maikbecker.ch\/index.php\/wp-json\/wp\/v2\/pages\/15279","targetHints":{"allow":["GET"]}}],"collection":[{"href":"https:\/\/maikbecker.ch\/index.php\/wp-json\/wp\/v2\/pages"}],"about":[{"href":"https:\/\/maikbecker.ch\/index.php\/wp-json\/wp\/v2\/types\/page"}],"author":[{"embeddable":true,"href":"https:\/\/maikbecker.ch\/index.php\/wp-json\/wp\/v2\/users\/1"}],"replies":[{"embeddable":true,"href":"https:\/\/maikbecker.ch\/index.php\/wp-json\/wp\/v2\/comments?post=15279"}],"version-history":[{"count":50,"href":"https:\/\/maikbecker.ch\/index.php\/wp-json\/wp\/v2\/pages\/15279\/revisions"}],"predecessor-version":[{"id":15509,"href":"https:\/\/maikbecker.ch\/index.php\/wp-json\/wp\/v2\/pages\/15279\/revisions\/15509"}],"wp:featuredmedia":[{"embeddable":true,"href":"https:\/\/maikbecker.ch\/index.php\/wp-json\/wp\/v2\/media\/15456"}],"wp:attachment":[{"href":"https:\/\/maikbecker.ch\/index.php\/wp-json\/wp\/v2\/media?parent=15279"}],"curies":[{"name":"wp","href":"https:\/\/api.w.org\/{rel}","templated":true}]}}