{"id":15342,"date":"2025-04-22T15:16:15","date_gmt":"2025-04-22T15:16:15","guid":{"rendered":"https:\/\/maikbecker.ch\/?page_id=15342"},"modified":"2025-04-26T19:42:12","modified_gmt":"2025-04-26T19:42:12","slug":"leseprobe-mindfulness-fuer-laeufer","status":"publish","type":"page","link":"https:\/\/maikbecker.ch\/index.php\/leseprobe-mindfulness-fuer-laeufer\/","title":{"rendered":"Mindfulness f\u00fcr L\u00e4ufer"},"content":{"rendered":"<div class=\"wpb-content-wrapper\"><p>[vc_row][vc_column][vc_single_image image=&#8220;15454&#8243; img_size=&#8220;full&#8220; alignment=&#8220;center&#8220; onclick=&#8220;custom_link&#8220; img_link_target=&#8220;_blank&#8220; css=&#8220;&#8220; link=&#8220;https:\/\/www.yumpu.com\/de\/document\/view\/70324255\/leseprobe-mindfulness-fur-laufer&#8220;][vc_column_text css=&#8220;&#8220;]<\/p>\n<h4 style=\"text-align: center;\">Mindfulness f\u00fcr L\u00e4ufer<\/h4>\n<p>[\/vc_column_text][gsf_space desktop=&#8220;40&#8243; tablet=&#8220;30&#8243; tablet_portrait=&#8220;25&#8243; mobile_landscape=&#8220;20&#8243; mobile=&#8220;15&#8243;][vc_column_text el_class=&#8220;&#8220; css=&#8220;&#8220;]Achtsamkeit hat sich seit einigen Jahren als Modewort in verschiedenen Bereichen unseres Lebens etabliert. Sich immer schneller ver\u00e4ndernde Prozesse und Technologien im Alltag erfordern einen Gegentrend, der gern auch als Entschleunigung bezeichnet wird. Chronischer Stress, ob im Beruf oder im Privatleben, bestehende Erwartungshaltungen der Gesellschaft, negative Nachrichten aus aller Welt, soziale Isolation trotz sozialer Medien oder falsche Wertevorstellungen sind nur einige Beispiele von Einflussfaktoren, mit denen wir uns tagt\u00e4glich auseinandersetzen. Zum Gegensteuern bleibt dann oft nur der Gang zum Arzt. Oder ein Wellnesswochenende. Oder der wohlverdiente Jahresurlaub.<\/p>\n<p>Wie w\u00e4re es denn, wenn wir unseren Alltag so gestalten, dass wir nur die aktuell wesentlichen Einfl\u00fcsse zulassen. Der Mensch ist ein Wunderwerk der Natur. Wir haben uns l\u00e4ngst an die lebensfreundlichen Bedingungen unseres Planeten gew\u00f6hnt. Haben vergessen, Dinge wie Trinkwasser, Sauerstoff zum Atmen und die sch\u00fctzende Atmosph\u00e4re wertzusch\u00e4tzen. Dieses Bewusstmachen, wie viele Komponenten f\u00fcr unsere Existenz verantwortlich sind und welche Rolle wir im unendlichen Universum spielen, kann manchmal nicht schaden. Das Bewusstsein sch\u00e4rfen, den Fokus auf den lebendigen Moment lenkend. Und gleichzeitig bei vielem, was wir tun, die Ernsthaftigkeit in Frage stellen.<\/p>\n<p>Wer Achtsamkeit f\u00fcr sich und sein Leben entdeckt, wird oft als esoterisch oder religi\u00f6s abgestempelt. In Verbindung mit Transzendenz, also einer nicht erkl\u00e4r- oder beweisbaren Wirklichkeit werden dabei Wunder erwartet. Tats\u00e4chlich hat Achtsamkeit nichts mit Spiritualit\u00e4t zu tun. Vielmehr ist es der absolute Bezug auf den Moment, das Hier und Jetzt. Yogamatte, Batik-Hippie-Hose und R\u00e4ucherst\u00e4bchen sind kein Pflichtequipment, wenn man sich mit dem Thema auseinandersetzt. Als L\u00e4ufer stehe ich wortw\u00f6rtlich mit beiden Beinen im Leben und sch\u00e4tze diese Verbindung zwischen einer der beliebtesten Sportarten und dem gegenw\u00e4rtigen Augenblick. Diese Wahrnehmung, wenn immer m\u00f6glich ohne Bewertung, Meinung oder Fantasie.<\/p>\n<p>Den Titel dieses Buches pr\u00e4gt der anglistische Begriff Mindfulness. Die innere Bedeutung geht hier noch etwas weiter als beim deutschen Pendant Achtsamkeit. Die \u00dcbersetzung stammt aus dem buddhistischen und beschreibt den Begriff Sati. Dieser bezeichnet die F\u00e4higkeit des Geistes, bei etwas zu verweilen, etwas im Ged\u00e4chtnis zu behalten und mit ausgewogener Aufmerksamkeit gegenw\u00e4rtig zu sein, ohne dar\u00fcber nachzudenken und ohne zu bewerten. Mindfulness steht somit eher f\u00fcr \u201eVoll im Geiste sein\u201c. Aus dieser Floskel gilt es das Sein herauszustellen. Das ist der eigentliche Kern der Achtsamkeit.<\/p>\n<p>In den vergangenen Jahren habe ich mich immer intensiver mit dem Thema Achtsamkeit besch\u00e4ftigt \u2013 anfangs aus pers\u00f6nlichem Interesse, sp\u00e4ter mit wachsender Begeisterung, weil ich gesp\u00fcrt habe, wie sehr sie mein Leben bereichert. Besonders beim Laufen habe ich gemerkt, wie kraftvoll es sein kann, ganz im Moment zu sein \u2013 ohne Ablenkung, ohne Druck, einfach nur laufen und wahrnehmen.<\/p>\n<p>Mit <em>Mindfulness f\u00fcr L\u00e4ufer<\/em>\u00a0m\u00f6chte ich diese Erfahrungen weitergeben. Das Buch ist eine Einladung, das Laufen nicht nur als k\u00f6rperliche, sondern auch als mentale Praxis zu erleben \u2013 als Weg zu mehr Klarheit, Gelassenheit und innerer St\u00e4rke.<\/p>\n<p>Damit du dir einen kleinen \u00dcberblick \u00fcber Inhalt und Aufbau des Buches machen kannst, hier einige Seiten zur Ansicht. Sollte es dir gefallen, kannst du das Werk direkt \u00fcber die nachfolgenden Button bestellen.[\/vc_column_text][\/vc_column][\/vc_row][vc_row][vc_column][gsf_space desktop=&#8220;40&#8243; tablet=&#8220;30&#8243; tablet_portrait=&#8220;25&#8243; mobile_landscape=&#8220;20&#8243; mobile=&#8220;20&#8243;][gsf_space desktop=&#8220;40&#8243; tablet=&#8220;30&#8243; tablet_portrait=&#8220;25&#8243; mobile_landscape=&#8220;20&#8243; mobile=&#8220;20&#8243;][vc_separator border_width=&#8220;3&#8243; el_width=&#8220;70&#8243; css=&#8220;&#8220;][gsf_space desktop=&#8220;70&#8243; tablet=&#8220;50&#8243; tablet_portrait=&#8220;40&#8243; mobile_landscape=&#8220;40&#8243; mobile=&#8220;30&#8243;][gsf_view_demo columns_gutter=&#8220;none&#8220; columns=&#8220;1&#8243; columns_md=&#8220;1&#8243; columns_sm=&#8220;1&#8243; columns_xs=&#8220;1&#8243; columns_mb=&#8220;1&#8243; demo_items=&#8220;%5B%7B%22title%22%3A%22Klick%20hier%20f%C3%BCr%20eine%20Leseprobe%22%2C%22image%22%3A%2215459%22%2C%22link%22%3A%22url%3Ahttps%253A%252F%252Fwww.yumpu.com%252Fde%252Fdocument%252Fview%252F70324255%252Fleseprobe-mindfulness-fur-laufer%22%2C%22is_new%22%3A%22on%22%7D%5D&#8220;][gsf_space desktop=&#8220;40&#8243; tablet=&#8220;30&#8243; tablet_portrait=&#8220;25&#8243; mobile_landscape=&#8220;20&#8243; mobile=&#8220;20&#8243;][vc_separator border_width=&#8220;3&#8243; el_width=&#8220;70&#8243; css=&#8220;&#8220;][\/vc_column][\/vc_row][vc_row][vc_column][gsf_space desktop=&#8220;40&#8243; tablet=&#8220;30&#8243; tablet_portrait=&#8220;25&#8243; mobile_landscape=&#8220;20&#8243; mobile=&#8220;20&#8243;][gsf_space desktop=&#8220;40&#8243; tablet=&#8220;30&#8243; tablet_portrait=&#8220;25&#8243; mobile_landscape=&#8220;20&#8243; mobile=&#8220;20&#8243;][vc_column_text css=&#8220;&#8220;]Und? Interessant? Dann bestell dir gleich ein Exemplar des gesamten Buches. Wenn du auf den Button &#8222;Buch ohne Widmung bestellen&#8220; klickst, hast du die Wahl zwischen dem gedrucktem Buch oder einem E-Book. Mit Widmung wird dann nat\u00fcrlich das Werk im Taschenbuchformat versandt.[\/vc_column_text][gsf_space desktop=&#8220;40&#8243; tablet=&#8220;30&#8243; tablet_portrait=&#8220;25&#8243; mobile_landscape=&#8220;20&#8243; mobile=&#8220;18&#8243;][\/vc_column][\/vc_row][vc_row][vc_column width=&#8220;1\/3&#8243;][gsf_button title=&#8220;Buch ohne Widmung bestellen&#8220; style=&#8220;outline&#8220; shape=&#8220;rounded&#8220; color=&#8220;accent&#8220; align=&#8220;center&#8220; link=&#8220;url:https%3A%2F%2Fwww.dersportverlag.de%2Fdetailview%3Fno%3D137943&#8243;][gsf_space desktop=&#8220;40&#8243; tablet=&#8220;30&#8243; tablet_portrait=&#8220;25&#8243; mobile_landscape=&#8220;20&#8243; mobile=&#8220;18&#8243;][\/vc_column][vc_column width=&#8220;1\/3&#8243;][gsf_button title=&#8220;Buch mit Widmung bestellen&#8220; style=&#8220;outline&#8220; shape=&#8220;rounded&#8220; color=&#8220;accent&#8220; align=&#8220;center&#8220; link=&#8220;url:https%3A%2F%2Fmaikbecker.ch%2Findex.php%2Fbuch-bestellen%2F|title:Buch%20bestellen&#8220;][gsf_space desktop=&#8220;40&#8243; tablet=&#8220;30&#8243; tablet_portrait=&#8220;25&#8243; mobile_landscape=&#8220;20&#8243; mobile=&#8220;18&#8243;][\/vc_column][vc_column width=&#8220;1\/3&#8243;][gsf_button title=&#8220;Alle B\u00fccher anschauen&#8220; style=&#8220;outline&#8220; shape=&#8220;rounded&#8220; color=&#8220;accent&#8220; align=&#8220;center&#8220; link=&#8220;url:https%3A%2F%2Fmaikbecker.ch%2Findex.php%2Fbuecher%2F|title:B%C3%BCcher&#8220;][\/vc_column][\/vc_row]<\/p>\n<\/div>","protected":false},"excerpt":{"rendered":"<p>[vc_row][vc_column][vc_single_image image=&#8220;15454&#8243; img_size=&#8220;full&#8220; alignment=&#8220;center&#8220; onclick=&#8220;custom_link&#8220; img_link_target=&#8220;_blank&#8220; css=&#8220;&#8220; link=&#8220;https:\/\/www.yumpu.com\/de\/document\/view\/70324255\/leseprobe-mindfulness-fur-laufer&#8220;][vc_column_text css=&#8220;&#8220;] Mindfulness f\u00fcr L\u00e4ufer [\/vc_column_text][gsf_space desktop=&#8220;40&#8243; tablet=&#8220;30&#8243; tablet_portrait=&#8220;25&#8243; mobile_landscape=&#8220;20&#8243; mobile=&#8220;15&#8243;][vc_column_text el_class=&#8220;&#8220; css=&#8220;&#8220;]Achtsamkeit hat sich seit einigen Jahren als Modewort in verschiedenen Bereichen [&hellip;]<\/p>\n","protected":false},"author":1,"featured_media":15454,"parent":0,"menu_order":0,"comment_status":"closed","ping_status":"closed","template":"","meta":{"footnotes":""},"class_list":["post-15342","page","type-page","status-publish","has-post-thumbnail","hentry"],"yoast_head":"<!-- This site is optimized with the Yoast SEO plugin v27.3 - https:\/\/yoast.com\/product\/yoast-seo-wordpress\/ -->\n<title>Mindfulness f\u00fcr L\u00e4ufer - Maik Becker<\/title>\n<meta name=\"robots\" content=\"index, follow, max-snippet:-1, max-image-preview:large, max-video-preview:-1\" \/>\n<link rel=\"canonical\" href=\"https:\/\/maikbecker.ch\/index.php\/leseprobe-mindfulness-fuer-laeufer\/\" \/>\n<meta property=\"og:locale\" content=\"de_DE\" \/>\n<meta property=\"og:type\" content=\"article\" \/>\n<meta property=\"og:title\" content=\"Mindfulness f\u00fcr L\u00e4ufer - Maik Becker\" \/>\n<meta property=\"og:description\" content=\"[vc_row][vc_column][vc_single_image image=&#8220;15454&#8243; img_size=&#8220;full&#8220; alignment=&#8220;center&#8220; onclick=&#8220;custom_link&#8220; img_link_target=&#8220;_blank&#8220; css=&#8220;&#8220; link=&#8220;https:\/\/www.yumpu.com\/de\/document\/view\/70324255\/leseprobe-mindfulness-fur-laufer&#8220;][vc_column_text css=&#8220;&#8220;] Mindfulness f\u00fcr L\u00e4ufer [\/vc_column_text][gsf_space desktop=&#8220;40&#8243; tablet=&#8220;30&#8243; tablet_portrait=&#8220;25&#8243; mobile_landscape=&#8220;20&#8243; mobile=&#8220;15&#8243;][vc_column_text el_class=&#8220;&#8220; css=&#8220;&#8220;]Achtsamkeit hat sich seit einigen Jahren als Modewort in verschiedenen Bereichen [&hellip;]\" \/>\n<meta property=\"og:url\" content=\"https:\/\/maikbecker.ch\/index.php\/leseprobe-mindfulness-fuer-laeufer\/\" \/>\n<meta property=\"og:site_name\" content=\"Maik Becker\" \/>\n<meta property=\"article:publisher\" content=\"https:\/\/www.facebook.com\/maik.becker.794\" \/>\n<meta property=\"article:modified_time\" content=\"2025-04-26T19:42:12+00:00\" \/>\n<meta property=\"og:image\" content=\"https:\/\/maikbecker.ch\/wp-content\/uploads\/2025\/04\/hintergrund-leseprobe-mfl.png\" \/>\n\t<meta property=\"og:image:width\" content=\"1920\" \/>\n\t<meta property=\"og:image:height\" content=\"630\" \/>\n\t<meta property=\"og:image:type\" content=\"image\/png\" \/>\n<meta name=\"twitter:card\" content=\"summary_large_image\" \/>\n<meta name=\"twitter:label1\" content=\"Gesch\u00e4tzte Lesezeit\" \/>\n\t<meta name=\"twitter:data1\" content=\"4\u00a0Minuten\" \/>\n<script type=\"application\/ld+json\" class=\"yoast-schema-graph\">{\"@context\":\"https:\\\/\\\/schema.org\",\"@graph\":[{\"@type\":\"WebPage\",\"@id\":\"https:\\\/\\\/maikbecker.ch\\\/index.php\\\/leseprobe-mindfulness-fuer-laeufer\\\/\",\"url\":\"https:\\\/\\\/maikbecker.ch\\\/index.php\\\/leseprobe-mindfulness-fuer-laeufer\\\/\",\"name\":\"Mindfulness f\u00fcr L\u00e4ufer - Maik Becker\",\"isPartOf\":{\"@id\":\"https:\\\/\\\/maikbecker.ch\\\/#website\"},\"primaryImageOfPage\":{\"@id\":\"https:\\\/\\\/maikbecker.ch\\\/index.php\\\/leseprobe-mindfulness-fuer-laeufer\\\/#primaryimage\"},\"image\":{\"@id\":\"https:\\\/\\\/maikbecker.ch\\\/index.php\\\/leseprobe-mindfulness-fuer-laeufer\\\/#primaryimage\"},\"thumbnailUrl\":\"https:\\\/\\\/maikbecker.ch\\\/wp-content\\\/uploads\\\/2025\\\/04\\\/hintergrund-leseprobe-mfl.png\",\"datePublished\":\"2025-04-22T15:16:15+00:00\",\"dateModified\":\"2025-04-26T19:42:12+00:00\",\"breadcrumb\":{\"@id\":\"https:\\\/\\\/maikbecker.ch\\\/index.php\\\/leseprobe-mindfulness-fuer-laeufer\\\/#breadcrumb\"},\"inLanguage\":\"de\",\"potentialAction\":[{\"@type\":\"ReadAction\",\"target\":[\"https:\\\/\\\/maikbecker.ch\\\/index.php\\\/leseprobe-mindfulness-fuer-laeufer\\\/\"]}]},{\"@type\":\"ImageObject\",\"inLanguage\":\"de\",\"@id\":\"https:\\\/\\\/maikbecker.ch\\\/index.php\\\/leseprobe-mindfulness-fuer-laeufer\\\/#primaryimage\",\"url\":\"https:\\\/\\\/maikbecker.ch\\\/wp-content\\\/uploads\\\/2025\\\/04\\\/hintergrund-leseprobe-mfl.png\",\"contentUrl\":\"https:\\\/\\\/maikbecker.ch\\\/wp-content\\\/uploads\\\/2025\\\/04\\\/hintergrund-leseprobe-mfl.png\",\"width\":1920,\"height\":630},{\"@type\":\"BreadcrumbList\",\"@id\":\"https:\\\/\\\/maikbecker.ch\\\/index.php\\\/leseprobe-mindfulness-fuer-laeufer\\\/#breadcrumb\",\"itemListElement\":[{\"@type\":\"ListItem\",\"position\":1,\"name\":\"Startseite\",\"item\":\"https:\\\/\\\/maikbecker.ch\\\/\"},{\"@type\":\"ListItem\",\"position\":2,\"name\":\"Mindfulness f\u00fcr L\u00e4ufer\"}]},{\"@type\":\"WebSite\",\"@id\":\"https:\\\/\\\/maikbecker.ch\\\/#website\",\"url\":\"https:\\\/\\\/maikbecker.ch\\\/\",\"name\":\"Maik Becker\",\"description\":\"\",\"publisher\":{\"@id\":\"https:\\\/\\\/maikbecker.ch\\\/#\\\/schema\\\/person\\\/045cb3cc470cff41f26a4a46880f2db6\"},\"potentialAction\":[{\"@type\":\"SearchAction\",\"target\":{\"@type\":\"EntryPoint\",\"urlTemplate\":\"https:\\\/\\\/maikbecker.ch\\\/?s={search_term_string}\"},\"query-input\":{\"@type\":\"PropertyValueSpecification\",\"valueRequired\":true,\"valueName\":\"search_term_string\"}}],\"inLanguage\":\"de\"},{\"@type\":[\"Person\",\"Organization\"],\"@id\":\"https:\\\/\\\/maikbecker.ch\\\/#\\\/schema\\\/person\\\/045cb3cc470cff41f26a4a46880f2db6\",\"name\":\"admin\",\"image\":{\"@type\":\"ImageObject\",\"inLanguage\":\"de\",\"@id\":\"https:\\\/\\\/secure.gravatar.com\\\/avatar\\\/7cb8e3affbf4c4eac6085f3ccc95f3461be53bc1e4e303f445ddcddfa90371fe?s=96&d=mm&r=g\",\"url\":\"https:\\\/\\\/secure.gravatar.com\\\/avatar\\\/7cb8e3affbf4c4eac6085f3ccc95f3461be53bc1e4e303f445ddcddfa90371fe?s=96&d=mm&r=g\",\"contentUrl\":\"https:\\\/\\\/secure.gravatar.com\\\/avatar\\\/7cb8e3affbf4c4eac6085f3ccc95f3461be53bc1e4e303f445ddcddfa90371fe?s=96&d=mm&r=g\",\"caption\":\"admin\"},\"logo\":{\"@id\":\"https:\\\/\\\/secure.gravatar.com\\\/avatar\\\/7cb8e3affbf4c4eac6085f3ccc95f3461be53bc1e4e303f445ddcddfa90371fe?s=96&d=mm&r=g\"},\"sameAs\":[\"https:\\\/\\\/maikbecker.ch\",\"https:\\\/\\\/www.facebook.com\\\/maik.becker.794\",\"https:\\\/\\\/www.instagram.com\\\/maikbeckerofficial\\\/\",\"https:\\\/\\\/www.linkedin.com\\\/in\\\/maik-becker-93931242\\\/\"]}]}<\/script>\n<!-- \/ Yoast SEO plugin. -->","yoast_head_json":{"title":"Mindfulness f\u00fcr L\u00e4ufer - Maik Becker","robots":{"index":"index","follow":"follow","max-snippet":"max-snippet:-1","max-image-preview":"max-image-preview:large","max-video-preview":"max-video-preview:-1"},"canonical":"https:\/\/maikbecker.ch\/index.php\/leseprobe-mindfulness-fuer-laeufer\/","og_locale":"de_DE","og_type":"article","og_title":"Mindfulness f\u00fcr L\u00e4ufer - Maik Becker","og_description":"[vc_row][vc_column][vc_single_image image=&#8220;15454&#8243; img_size=&#8220;full&#8220; alignment=&#8220;center&#8220; onclick=&#8220;custom_link&#8220; img_link_target=&#8220;_blank&#8220; css=&#8220;&#8220; link=&#8220;https:\/\/www.yumpu.com\/de\/document\/view\/70324255\/leseprobe-mindfulness-fur-laufer&#8220;][vc_column_text css=&#8220;&#8220;] Mindfulness f\u00fcr L\u00e4ufer [\/vc_column_text][gsf_space desktop=&#8220;40&#8243; tablet=&#8220;30&#8243; tablet_portrait=&#8220;25&#8243; mobile_landscape=&#8220;20&#8243; mobile=&#8220;15&#8243;][vc_column_text el_class=&#8220;&#8220; css=&#8220;&#8220;]Achtsamkeit hat sich seit einigen Jahren als Modewort in verschiedenen Bereichen [&hellip;]","og_url":"https:\/\/maikbecker.ch\/index.php\/leseprobe-mindfulness-fuer-laeufer\/","og_site_name":"Maik Becker","article_publisher":"https:\/\/www.facebook.com\/maik.becker.794","article_modified_time":"2025-04-26T19:42:12+00:00","og_image":[{"width":1920,"height":630,"url":"https:\/\/maikbecker.ch\/wp-content\/uploads\/2025\/04\/hintergrund-leseprobe-mfl.png","type":"image\/png"}],"twitter_card":"summary_large_image","twitter_misc":{"Gesch\u00e4tzte Lesezeit":"4\u00a0Minuten"},"schema":{"@context":"https:\/\/schema.org","@graph":[{"@type":"WebPage","@id":"https:\/\/maikbecker.ch\/index.php\/leseprobe-mindfulness-fuer-laeufer\/","url":"https:\/\/maikbecker.ch\/index.php\/leseprobe-mindfulness-fuer-laeufer\/","name":"Mindfulness f\u00fcr L\u00e4ufer - Maik Becker","isPartOf":{"@id":"https:\/\/maikbecker.ch\/#website"},"primaryImageOfPage":{"@id":"https:\/\/maikbecker.ch\/index.php\/leseprobe-mindfulness-fuer-laeufer\/#primaryimage"},"image":{"@id":"https:\/\/maikbecker.ch\/index.php\/leseprobe-mindfulness-fuer-laeufer\/#primaryimage"},"thumbnailUrl":"https:\/\/maikbecker.ch\/wp-content\/uploads\/2025\/04\/hintergrund-leseprobe-mfl.png","datePublished":"2025-04-22T15:16:15+00:00","dateModified":"2025-04-26T19:42:12+00:00","breadcrumb":{"@id":"https:\/\/maikbecker.ch\/index.php\/leseprobe-mindfulness-fuer-laeufer\/#breadcrumb"},"inLanguage":"de","potentialAction":[{"@type":"ReadAction","target":["https:\/\/maikbecker.ch\/index.php\/leseprobe-mindfulness-fuer-laeufer\/"]}]},{"@type":"ImageObject","inLanguage":"de","@id":"https:\/\/maikbecker.ch\/index.php\/leseprobe-mindfulness-fuer-laeufer\/#primaryimage","url":"https:\/\/maikbecker.ch\/wp-content\/uploads\/2025\/04\/hintergrund-leseprobe-mfl.png","contentUrl":"https:\/\/maikbecker.ch\/wp-content\/uploads\/2025\/04\/hintergrund-leseprobe-mfl.png","width":1920,"height":630},{"@type":"BreadcrumbList","@id":"https:\/\/maikbecker.ch\/index.php\/leseprobe-mindfulness-fuer-laeufer\/#breadcrumb","itemListElement":[{"@type":"ListItem","position":1,"name":"Startseite","item":"https:\/\/maikbecker.ch\/"},{"@type":"ListItem","position":2,"name":"Mindfulness f\u00fcr L\u00e4ufer"}]},{"@type":"WebSite","@id":"https:\/\/maikbecker.ch\/#website","url":"https:\/\/maikbecker.ch\/","name":"Maik Becker","description":"","publisher":{"@id":"https:\/\/maikbecker.ch\/#\/schema\/person\/045cb3cc470cff41f26a4a46880f2db6"},"potentialAction":[{"@type":"SearchAction","target":{"@type":"EntryPoint","urlTemplate":"https:\/\/maikbecker.ch\/?s={search_term_string}"},"query-input":{"@type":"PropertyValueSpecification","valueRequired":true,"valueName":"search_term_string"}}],"inLanguage":"de"},{"@type":["Person","Organization"],"@id":"https:\/\/maikbecker.ch\/#\/schema\/person\/045cb3cc470cff41f26a4a46880f2db6","name":"admin","image":{"@type":"ImageObject","inLanguage":"de","@id":"https:\/\/secure.gravatar.com\/avatar\/7cb8e3affbf4c4eac6085f3ccc95f3461be53bc1e4e303f445ddcddfa90371fe?s=96&d=mm&r=g","url":"https:\/\/secure.gravatar.com\/avatar\/7cb8e3affbf4c4eac6085f3ccc95f3461be53bc1e4e303f445ddcddfa90371fe?s=96&d=mm&r=g","contentUrl":"https:\/\/secure.gravatar.com\/avatar\/7cb8e3affbf4c4eac6085f3ccc95f3461be53bc1e4e303f445ddcddfa90371fe?s=96&d=mm&r=g","caption":"admin"},"logo":{"@id":"https:\/\/secure.gravatar.com\/avatar\/7cb8e3affbf4c4eac6085f3ccc95f3461be53bc1e4e303f445ddcddfa90371fe?s=96&d=mm&r=g"},"sameAs":["https:\/\/maikbecker.ch","https:\/\/www.facebook.com\/maik.becker.794","https:\/\/www.instagram.com\/maikbeckerofficial\/","https:\/\/www.linkedin.com\/in\/maik-becker-93931242\/"]}]}},"_links":{"self":[{"href":"https:\/\/maikbecker.ch\/index.php\/wp-json\/wp\/v2\/pages\/15342","targetHints":{"allow":["GET"]}}],"collection":[{"href":"https:\/\/maikbecker.ch\/index.php\/wp-json\/wp\/v2\/pages"}],"about":[{"href":"https:\/\/maikbecker.ch\/index.php\/wp-json\/wp\/v2\/types\/page"}],"author":[{"embeddable":true,"href":"https:\/\/maikbecker.ch\/index.php\/wp-json\/wp\/v2\/users\/1"}],"replies":[{"embeddable":true,"href":"https:\/\/maikbecker.ch\/index.php\/wp-json\/wp\/v2\/comments?post=15342"}],"version-history":[{"count":18,"href":"https:\/\/maikbecker.ch\/index.php\/wp-json\/wp\/v2\/pages\/15342\/revisions"}],"predecessor-version":[{"id":15508,"href":"https:\/\/maikbecker.ch\/index.php\/wp-json\/wp\/v2\/pages\/15342\/revisions\/15508"}],"wp:featuredmedia":[{"embeddable":true,"href":"https:\/\/maikbecker.ch\/index.php\/wp-json\/wp\/v2\/media\/15454"}],"wp:attachment":[{"href":"https:\/\/maikbecker.ch\/index.php\/wp-json\/wp\/v2\/media?parent=15342"}],"curies":[{"name":"wp","href":"https:\/\/api.w.org\/{rel}","templated":true}]}}