{"id":43,"date":"2025-04-12T10:51:25","date_gmt":"2025-04-12T10:51:25","guid":{"rendered":"https:\/\/maikbecker.ch\/?page_id=43"},"modified":"2025-09-03T10:02:08","modified_gmt":"2025-09-03T10:02:08","slug":"buecher","status":"publish","type":"page","link":"https:\/\/maikbecker.ch\/index.php\/buecher\/","title":{"rendered":"B\u00fccher"},"content":{"rendered":"<div class=\"wpb-content-wrapper\"><p>[vc_row][vc_column][vc_single_image image=&#8220;15043&#8243; img_size=&#8220;full&#8220; alignment=&#8220;center&#8220; onclick=&#8220;custom_link&#8220; css=&#8220;&#8220; link=&#8220;https:\/\/maikbecker.ch\/index.php\/leseprobe-mindfulness-fuer-laeufer\/&#8220;][vc_column_text css=&#8220;&#8220;]<\/p>\n<h4 style=\"text-align: center;\"><strong>B\u00fccherauswahl<\/strong><\/h4>\n<p>[\/vc_column_text][gsf_space desktop=&#8220;40&#8243; tablet=&#8220;30&#8243; tablet_portrait=&#8220;25&#8243; mobile_landscape=&#8220;20&#8243; mobile=&#8220;20&#8243;][\/vc_column][\/vc_row][vc_row][vc_column width=&#8220;1\/4&#8243;][vc_single_image image=&#8220;41&#8243; img_size=&#8220;large&#8220; onclick=&#8220;custom_link&#8220; img_link_target=&#8220;_blank&#8220; css=&#8220;&#8220; link=&#8220;https:\/\/maikbecker.ch\/index.php\/leseprobe-mindfulness-fuer-laeufer\/&#8220;][gsf_space desktop=&#8220;40&#8243; tablet=&#8220;30&#8243; tablet_portrait=&#8220;25&#8243; mobile_landscape=&#8220;20&#8243; mobile=&#8220;18&#8243;][\/vc_column][vc_column width=&#8220;3\/4&#8243;][vc_column_text css=&#8220;&#8220;]<strong>Mindfulness f\u00fcr L\u00e4ufer<\/strong><\/p>\n<p>Tauche ein in die Welt des achtsamen Laufens. Die Verbindung von Geist, K\u00f6rper und Umgebung ist mehr als ein Ratgeber \u2013 es ist eine Reise zur Verbesserung deiner mentalen und emotionalen Leistungsf\u00e4higkeit durch die Anwendung von Achtsamkeitspraktiken. Dieses Buch nimmt dich mit auf eine unkomplizierte Entdeckungsreise, die die wechselseitige Beziehung zwischen Laufen und Bewusstsein beleuchtet. Von praktischen Tipps f\u00fcr den Trainingsalltag bis hin zu fesselnden Lauferlebnissen, bietet es eine ganzheitliche Perspektive auf eine der beliebtesten Sportarten unserer Zeit. Erfahre, wie die dargestellten Erkenntnisse und Techniken im Umgang mit Achtsamkeit nicht nur dein Lauferlebnis verbessern und deine sportlichen Leistungen erh\u00f6hen, sondern auch deine Zufriedenheit im Alltag steigern k\u00f6nnen. Ob du ein erfahrener L\u00e4ufer bist oder gerade erst mit dem Laufen beginnst, dieses Buch bietet wertvolle Einblicke und Anleitungen.[\/vc_column_text][gsf_space desktop=&#8220;40&#8243; tablet=&#8220;30&#8243; tablet_portrait=&#8220;25&#8243; mobile_landscape=&#8220;20&#8243; mobile=&#8220;20&#8243;][gsf_button title=&#8220;Zum Buch&#8220; style=&#8220;outline&#8220; shape=&#8220;rounded&#8220; color=&#8220;accent&#8220; link=&#8220;url:https%3A%2F%2Fmaikbecker.ch%2Findex.php%2Fleseprobe-mindfulness-fuer-laeufer%2F|title:Leseprobe%20Mindfulness%20f%C3%BCr%20L%C3%A4ufer&#8220;][gsf_space desktop=&#8220;70&#8243; tablet=&#8220;50&#8243; tablet_portrait=&#8220;40&#8243; mobile_landscape=&#8220;35&#8243; mobile=&#8220;30&#8243;][\/vc_column][\/vc_row][vc_row][vc_column][vc_separator css=&#8220;&#8220;][\/vc_column][\/vc_row][vc_row][vc_column width=&#8220;1\/4&#8243;][gsf_space desktop=&#8220;40&#8243; tablet=&#8220;30&#8243; tablet_portrait=&#8220;25&#8243; mobile_landscape=&#8220;20&#8243; mobile=&#8220;18&#8243;][vc_single_image image=&#8220;40&#8243; img_size=&#8220;large&#8220; onclick=&#8220;custom_link&#8220; img_link_target=&#8220;_blank&#8220; css=&#8220;&#8220; link=&#8220;https:\/\/maikbecker.ch\/index.php\/leseprobe-ein-marathon-geht-immer\/&#8220;][gsf_space desktop=&#8220;40&#8243; tablet=&#8220;30&#8243; tablet_portrait=&#8220;25&#8243; mobile_landscape=&#8220;20&#8243; mobile=&#8220;18&#8243;][\/vc_column][vc_column width=&#8220;3\/4&#8243;][gsf_space desktop=&#8220;40&#8243; tablet=&#8220;30&#8243; tablet_portrait=&#8220;25&#8243; mobile_landscape=&#8220;20&#8243; mobile=&#8220;18&#8243;][vc_column_text css=&#8220;&#8220;]<strong>Ein Marathon geht immer<\/strong><\/p>\n<p>Irgendwann hast du diesen Traum, der dich nicht mehr losl\u00e4sst. Sieben Ultra-Etappenl\u00e4ufe in sieben Monaten auf sieben Kontinenten, bis vor einigen Jahren noch undenkbar f\u00fcr den Autor. Dieses Buch nimmt dich mit auf eine sportliche Reise um die Welt. Unterhaltsam erz\u00e4hlt Maik Becker \u00fcber einen Wandel vom Antisportler hin zum Extreml\u00e4ufer. Er gibt interessante Einblicke in abenteuerliche Wettk\u00e4mpfe in den abgelegensten Gegenden unseres Planeten, ebenso wie in Psyche und K\u00f6rper jenseits der Komfortzone. Laufend gl\u00fccklich sein wird f\u00fcr ihn zum Lebensmotto. Mit einem Augenzwinkern blickt er auf sein altes Leben zur\u00fcck und beschreibt den langen Weg hin zu innerer Zufriedenheit. Lesenswert nicht nur f\u00fcr L\u00e4ufer oder solche, die es werden wollen.[\/vc_column_text][gsf_space desktop=&#8220;40&#8243; tablet=&#8220;30&#8243; tablet_portrait=&#8220;25&#8243; mobile_landscape=&#8220;20&#8243; mobile=&#8220;20&#8243;][gsf_button title=&#8220;Zum Buch&#8220; style=&#8220;outline&#8220; shape=&#8220;rounded&#8220; color=&#8220;accent&#8220; link=&#8220;url:https%3A%2F%2Fmaikbecker.ch%2Findex.php%2Fleseprobe-ein-marathon-geht-immer%2F|title:Leseprobe%20Ein%20Marathon%20geht%20immer&#8220;][gsf_space desktop=&#8220;70&#8243; tablet=&#8220;50&#8243; tablet_portrait=&#8220;40&#8243; mobile_landscape=&#8220;35&#8243; mobile=&#8220;30&#8243;][\/vc_column][\/vc_row][vc_row][vc_column][vc_separator css=&#8220;&#8220;][\/vc_column][\/vc_row][vc_row][vc_column width=&#8220;1\/4&#8243;][gsf_space desktop=&#8220;40&#8243; tablet=&#8220;30&#8243; tablet_portrait=&#8220;25&#8243; mobile_landscape=&#8220;20&#8243; mobile=&#8220;18&#8243;][vc_single_image image=&#8220;15203&#8243; img_size=&#8220;large&#8220; onclick=&#8220;custom_link&#8220; css=&#8220;&#8220; link=&#8220;https:\/\/www.konrad-smolinski.de\/&#8220;][gsf_space desktop=&#8220;40&#8243; tablet=&#8220;30&#8243; tablet_portrait=&#8220;25&#8243; mobile_landscape=&#8220;20&#8243; mobile=&#8220;18&#8243;][\/vc_column][vc_column width=&#8220;3\/4&#8243;][gsf_space desktop=&#8220;40&#8243; tablet=&#8220;30&#8243; tablet_portrait=&#8220;25&#8243; mobile_landscape=&#8220;20&#8243; mobile=&#8220;20&#8243;][vc_column_text css=&#8220;&#8220;]<strong>Laufabenteuer in Ladakh, Konrad Smolinski &#8211; Mitarbeit am Buch <\/strong><\/p>\n<p>Ein Ultramarathon \u00fcber einen Pass von 5370 Meter \u2013 das ist die Khardung La Challenge in Ladakh. Der im wahrsten Sinne atemberaubende Laufwettkampf im indischen Himalaya gilt als eines der h\u00e4rtesten Ausdauerrennen \u00fcberhaupt. Konrad Smolinski ist einer der wenigen westlichen L\u00e4ufer, der diese sportliche Grenzerfahrung bisher erfolgreich meistern konnte. Eindr\u00fccklich und gleichzeitig unterhaltsam schildert er seine Erfahrungen von einem au\u00dfergew\u00f6hnlichen Reiseabenteuer, der speziellen Vorbereitung in der H\u00f6he sowie seinen mentalen Erfolgsstrategien zur Bew\u00e4ltigung der enormen physischen und psychischen Belastung w\u00e4hrend des Rennens. Das Buch nimmt dich mit auf eine Reise in eine Welt fernab vom mitteleurop\u00e4ischen Alltag. In eine Gegend, die sich noch viel Urspr\u00fcngliches bewahrt hat. Ein beeindruckender Erlebnisbericht weit \u00fcber den sportlichen Fokus hinaus. Und zugleich eine inspirierende Flucht aus dem Alltag, die nicht nur L\u00e4ufer und Abenteuersuchende begeistert.[\/vc_column_text][gsf_space desktop=&#8220;40&#8243; tablet=&#8220;30&#8243; tablet_portrait=&#8220;25&#8243; mobile_landscape=&#8220;20&#8243; mobile=&#8220;20&#8243;][gsf_button title=&#8220;Zum Autor&#8220; style=&#8220;outline&#8220; shape=&#8220;rounded&#8220; color=&#8220;accent&#8220; link=&#8220;url:https%3A%2F%2Fwww.konrad-smolinski.de%2F&#8220;][gsf_space desktop=&#8220;70&#8243; tablet=&#8220;50&#8243; tablet_portrait=&#8220;40&#8243; mobile_landscape=&#8220;35&#8243; mobile=&#8220;30&#8243;][\/vc_column][\/vc_row][vc_row][vc_column][vc_separator css=&#8220;&#8220;][\/vc_column][\/vc_row][vc_row][vc_column][vc_column_text css=&#8220;&#8220;]<\/p>\n<h4 style=\"text-align: center;\"><strong>Weitere Ver\u00f6ffentlichungen<\/strong><\/h4>\n<p>[\/vc_column_text][gsf_space desktop=&#8220;40&#8243; tablet=&#8220;30&#8243; tablet_portrait=&#8220;25&#8243; mobile_landscape=&#8220;20&#8243; mobile=&#8220;20&#8243;][gsf_lists bullet_type=&#8220;list-dot&#8220; space_between=&#8220;12|px&#8220; values=&#8220;%5B%7B%22label%22%3A%22Sport%20statt%20Qual%2C%20Wer%20achtsam%20l%C3%A4uft%2C%20hat%20viel%20mehr%20Spass%2C%20Interview%20Berliner%20Tagesspiegel%2012.07.2025%22%7D%2C%7B%22label%22%3A%22Allein%20gegen%20alles%2C%20Artikel%20%C3%BCber%20den%20480km%20Hell%20Ultra%20im%20indischen%20Himalaya%2C%20Mitteldeutsche%20Zeitung%2008.07.2025%22%7D%2C%7B%22label%22%3A%22Ein%20Tanz%20mit%20der%20Geschichte%2C%20Ultra%20Trail%20d&#8217;Angkor%2C%20Laufzeit%2005%20I%2025%22%7D%2C%7B%22label%22%3A%22Auf%20dem%20Cami%20de%20Cavalls%20einmal%20um%20Menorca%2C%20Trail%20Cami%20de%20Cavalls%20Menorca%2C%20Laufzeit%2001%20I%2025%22%7D%2C%7B%22label%22%3A%22W%C3%BCstenerlebnisse%20wie%20aus%201001%20Nacht%2C%20Oman%20Desert%20Marathon%2C%20Laufzeit%2003%20I%2024%22%7D%2C%7B%22label%22%3A%22High%205%20im%20Himalaya%20-%20Hochgef%C3%BChle%20garantiert%20im%20Rahmen%20des%20Great%20Himalayan%20Running%20Festival%2C%20Laufzeit%2005%20I%2023%22%7D%2C%7B%22label%22%3A%22Ein%20Marathon%20geht%20immer%2C%20Laufzeit%2005%20I%2023%22%7D%2C%7B%22label%22%3A%22%C3%9Cber%20den%20Wolken%2C%20Himalayan%20100%20Mile%20Stage%20Race%2C%20Laufzeit%2002%20I%2023%22%7D%2C%7B%22label%22%3A%22Du%20bist%20doch%20weiss%2C%20wieso%20bist%20du%20mit%20einem%20Fahrrad%20unterwegs%2C%20Interview%20NZZ%2017.01.2023%22%7D%2C%7B%22label%22%3A%22Zwischen%20Kakao%20und%20Kokosn%C3%BCssen%2C%20The%20Hemisphere%20Crossing%20Sao%20Tom%C3%A9%2C%20Running%20-%20das%20sportliche%20Laufmagazin%2006%20I%2020%22%7D%2C%7B%22label%22%3A%22100%20Miles%20of%20Istria%20in%20der%20Schweiz%20-%20Pandemie%20Edition%2C%20Running%20-%20das%20sportliche%20Laufmagazin%2005%20I%2020%22%7D%2C%7B%22label%22%3A%22Expertentipps%20f%C3%BCr%20unterwegs%2C%20Running%20-%20das%20sportliche%20Laufmagazin%2004%20I%2020%22%7D%2C%7B%22label%22%3A%22250%20Kilometer%20durch%20Indien%20-%20auf%20dem%20Ultra%20Run%20Rajasthan%2C%20Running%20-%20das%20sportliche%20Laufmagazin%2002%20I%2020%22%7D%2C%7B%22label%22%3A%22Run%20for%20Children%20-%20das%20grosse%20Finale%2C%20The%20Coastal%20Challenge%20Costa%20Rica%2C%20Alps%202%20Ocean%20Neuseeland%20und%20Marathon%20des%20Sables%2C%20Running%20-%20das%20sportliche%20Laufmagazin%2005%20I%2019%22%7D%2C%7B%22label%22%3A%22Eiskalt%20durchgezogen%20Projekt%20Run%20for%20Children%2C%20Etappen%20Everest%20Trail%20Race%20Nepal%20und%20The%20Last%20Desert%20Antarctica%2C%20Running%20-%20das%20sportliche%20Laufmagazin%2003%20I%2019%22%7D%2C%7B%22label%22%3A%22Grenzenlos%20gut%20-%20Run%20for%20Children%2C%20The%20Hidden%20Treasure%20Albanien%20und%20Atacama%20Crossing%20Chile%2C%20Running%20-%20das%20sportliche%20Laufmagazin%2002%20I%2019%22%7D%2C%7B%22label%22%3A%22H%C3%B6henqualen%20auf%20die%20Spitze%20getrieben%20-%20Ein%20Rennen%20durch%20die%20indische%20Region%20Ladakh%2C%20Running%20-%20das%20sportliche%20Laufmagazin%2004%20I%2018%22%7D%2C%7B%22label%22%3A%22Tagebuch%20eines%20Laufabenteuers%20-%20250%20Kilometer%20durch%20Patagonien%2C%20Running%20-%20das%20sportliche%20Laufmagazin%2003%20I%2018%22%7D%2C%7B%22label%22%3A%22Eine%20Frage%20der%20M%C3%B6glichkeiten%20(Bildmaterial)%2C%20Running%20-%20das%20sportliche%20Laufmagazin%2002%20I%2018%22%7D%2C%7B%22label%22%3A%22Trailrunning%20in%20Kambodscha%20-%20ein%20Erkl%C3%A4rungsversuch%20im%20Dschungel%2C%20Running%20-%20das%20sportliche%20Laufmagazin%2005%20I%2017%22%7D%2C%7B%22label%22%3A%22Wenn%20am%20Kilimanjaro%20weniger%20mehr%20ist%2C%20Running%20-%20das%20sportliche%20Laufmagazin%2003%20I%2017%22%7D%5D&#8220; el_class=&#8220;&#8220;][\/vc_column][\/vc_row][vc_row][vc_column][gsf_space desktop=&#8220;70&#8243; tablet=&#8220;50&#8243; tablet_portrait=&#8220;40&#8243; mobile_landscape=&#8220;35&#8243; mobile=&#8220;30&#8243;][vc_separator css=&#8220;&#8220;][vc_column_text css=&#8220;&#8220;]<\/p>\n<h4 style=\"text-align: center;\"><strong>Podcasts<\/strong><\/h4>\n<p>[\/vc_column_text][gsf_space desktop=&#8220;40&#8243; tablet=&#8220;30&#8243; tablet_portrait=&#8220;25&#8243; mobile_landscape=&#8220;20&#8243; mobile=&#8220;20&#8243;][\/vc_column][\/vc_row][vc_row][vc_column width=&#8220;1\/2&#8243;][gsf_lists bullet_type=&#8220;list-dot&#8220; values=&#8220;%5B%7B%22custom_bullet%22%3A%22Ein%20Marathon%20geht%20immer%2C%20What%20Matters%20Most%20Podcast%2010%20I%2024%22%7D%5D&#8220;][\/vc_column][vc_column width=&#8220;1\/2&#8243;][gsf_button title=&#8220;Zum Podcast&#8220; style=&#8220;outline&#8220; shape=&#8220;rounded&#8220; color=&#8220;accent&#8220; size=&#8220;xs&#8220; align=&#8220;left&#8220; link=&#8220;url:https%3A%2F%2Fwhat-matters-most.podigee.io%2F12-12-maik-becker&#8220;][\/vc_column][\/vc_row][vc_row][vc_column][gsf_space desktop=&#8220;40&#8243; tablet=&#8220;30&#8243; tablet_portrait=&#8220;25&#8243; mobile_landscape=&#8220;20&#8243; mobile=&#8220;20&#8243;][\/vc_column][\/vc_row][vc_row][vc_column width=&#8220;1\/2&#8243;][gsf_lists bullet_type=&#8220;list-dot&#8220; values=&#8220;%5B%7B%22custom_bullet%22%3A%22Interview%20%C3%BCber%20das%20Laufen%20und%20die%20guten%20Vors%C3%A4tze%20im%20neuen%20Jahr%2C%20MDR%2001%20I%2023%22%7D%5D&#8220;][\/vc_column][vc_column width=&#8220;1\/2&#8243;][gsf_button title=&#8220;Zum Interview&#8220; style=&#8220;outline&#8220; shape=&#8220;rounded&#8220; color=&#8220;accent&#8220; size=&#8220;xs&#8220; align=&#8220;left&#8220; link=&#8220;url:https%3A%2F%2Fmaikbecker.ch%2Findex.php%2F2023%2F01%2F01%2Flaufen-und-gute-vorsaetze%2F%20&#8243;][\/vc_column][\/vc_row][vc_row][vc_column][gsf_space desktop=&#8220;40&#8243; tablet=&#8220;30&#8243; tablet_portrait=&#8220;25&#8243; mobile_landscape=&#8220;20&#8243; mobile=&#8220;20&#8243;][\/vc_column][\/vc_row][vc_row][vc_column width=&#8220;1\/2&#8243;][gsf_lists bullet_type=&#8220;list-dot&#8220; values=&#8220;%5B%7B%22custom_bullet%22%3A%22Sehnsucht%2C%20Laufen%20und%20Costa%20Rica%2C%20Runtimes%202021%22%7D%5D&#8220;][\/vc_column][vc_column width=&#8220;1\/2&#8243;][gsf_button title=&#8220;Zum Podcast&#8220; style=&#8220;outline&#8220; shape=&#8220;rounded&#8220; color=&#8220;accent&#8220; size=&#8220;xs&#8220; align=&#8220;left&#8220; link=&#8220;url:http%3A%2F%2FWie%20man%20Leichtigkeit%20findet%20und%20Lauf-Abenteuer%20in%20aller%20Welt%20erlebt&#8220;][\/vc_column][\/vc_row][vc_row][vc_column][gsf_space desktop=&#8220;40&#8243; tablet=&#8220;30&#8243; tablet_portrait=&#8220;25&#8243; mobile_landscape=&#8220;20&#8243; mobile=&#8220;20&#8243;][vc_separator css=&#8220;&#8220;][vc_column_text css=&#8220;&#8220;]<\/p>\n<h4 style=\"text-align: center;\"><strong>Videos<\/strong><\/h4>\n<p>[\/vc_column_text][gsf_space desktop=&#8220;40&#8243; tablet=&#8220;30&#8243; tablet_portrait=&#8220;25&#8243; mobile_landscape=&#8220;20&#8243; mobile=&#8220;20&#8243;][\/vc_column][\/vc_row][vc_row][vc_column width=&#8220;1\/2&#8243;][gsf_lists bullet_type=&#8220;list-dot&#8220; values=&#8220;%5B%7B%22custom_bullet%22%3A%22%20RUNNING%20THE%20HIGH%20ROAD%2C%20ein%20Film%20%C3%BCber%20den%20Ladakh%20Marathon%2C%20Harvest%20Pictures%202018%22%7D%5D&#8220;][\/vc_column][vc_column width=&#8220;1\/2&#8243;][gsf_button title=&#8220;Zum Film&#8220; style=&#8220;outline&#8220; shape=&#8220;rounded&#8220; color=&#8220;accent&#8220; size=&#8220;xs&#8220; align=&#8220;left&#8220; link=&#8220;url:https%3A%2F%2Fwww.youtube.com%2Fwatch%3Fv%3D4icKQD8PAM0&#8243;][\/vc_column][\/vc_row]<\/p>\n<\/div>","protected":false},"excerpt":{"rendered":"<p>[vc_row][vc_column][vc_single_image image=&#8220;15043&#8243; img_size=&#8220;full&#8220; alignment=&#8220;center&#8220; onclick=&#8220;custom_link&#8220; css=&#8220;&#8220; link=&#8220;https:\/\/maikbecker.ch\/index.php\/leseprobe-mindfulness-fuer-laeufer\/&#8220;][vc_column_text css=&#8220;&#8220;] B\u00fccherauswahl [\/vc_column_text][gsf_space desktop=&#8220;40&#8243; tablet=&#8220;30&#8243; tablet_portrait=&#8220;25&#8243; mobile_landscape=&#8220;20&#8243; mobile=&#8220;20&#8243;][\/vc_column][\/vc_row][vc_row][vc_column width=&#8220;1\/4&#8243;][vc_single_image image=&#8220;41&#8243; img_size=&#8220;large&#8220; onclick=&#8220;custom_link&#8220; img_link_target=&#8220;_blank&#8220; css=&#8220;&#8220; link=&#8220;https:\/\/maikbecker.ch\/index.php\/leseprobe-mindfulness-fuer-laeufer\/&#8220;][gsf_space desktop=&#8220;40&#8243; tablet=&#8220;30&#8243; tablet_portrait=&#8220;25&#8243; mobile_landscape=&#8220;20&#8243; mobile=&#8220;18&#8243;][\/vc_column][vc_column width=&#8220;3\/4&#8243;][vc_column_text css=&#8220;&#8220;]Mindfulness f\u00fcr [&hellip;]<\/p>\n","protected":false},"author":1,"featured_media":0,"parent":0,"menu_order":0,"comment_status":"closed","ping_status":"closed","template":"","meta":{"footnotes":""},"class_list":["post-43","page","type-page","status-publish","hentry"],"yoast_head":"<!-- This site is optimized with the Yoast SEO plugin v27.3 - https:\/\/yoast.com\/product\/yoast-seo-wordpress\/ -->\n<title>B\u00fccher - Maik Becker<\/title>\n<meta name=\"robots\" content=\"index, follow, max-snippet:-1, max-image-preview:large, max-video-preview:-1\" \/>\n<link rel=\"canonical\" href=\"https:\/\/maikbecker.ch\/index.php\/buecher\/\" \/>\n<meta property=\"og:locale\" content=\"de_DE\" \/>\n<meta property=\"og:type\" content=\"article\" \/>\n<meta property=\"og:title\" content=\"B\u00fccher - Maik Becker\" \/>\n<meta property=\"og:description\" content=\"[vc_row][vc_column][vc_single_image image=&#8220;15043&#8243; img_size=&#8220;full&#8220; alignment=&#8220;center&#8220; onclick=&#8220;custom_link&#8220; css=&#8220;&#8220; link=&#8220;https:\/\/maikbecker.ch\/index.php\/leseprobe-mindfulness-fuer-laeufer\/&#8220;][vc_column_text css=&#8220;&#8220;] B\u00fccherauswahl [\/vc_column_text][gsf_space desktop=&#8220;40&#8243; tablet=&#8220;30&#8243; tablet_portrait=&#8220;25&#8243; mobile_landscape=&#8220;20&#8243; mobile=&#8220;20&#8243;][\/vc_column][\/vc_row][vc_row][vc_column width=&#8220;1\/4&#8243;][vc_single_image image=&#8220;41&#8243; img_size=&#8220;large&#8220; onclick=&#8220;custom_link&#8220; img_link_target=&#8220;_blank&#8220; css=&#8220;&#8220; link=&#8220;https:\/\/maikbecker.ch\/index.php\/leseprobe-mindfulness-fuer-laeufer\/&#8220;][gsf_space desktop=&#8220;40&#8243; tablet=&#8220;30&#8243; tablet_portrait=&#8220;25&#8243; mobile_landscape=&#8220;20&#8243; mobile=&#8220;18&#8243;][\/vc_column][vc_column width=&#8220;3\/4&#8243;][vc_column_text css=&#8220;&#8220;]Mindfulness f\u00fcr [&hellip;]\" \/>\n<meta property=\"og:url\" content=\"https:\/\/maikbecker.ch\/index.php\/buecher\/\" \/>\n<meta property=\"og:site_name\" content=\"Maik Becker\" \/>\n<meta property=\"article:publisher\" content=\"https:\/\/www.facebook.com\/maik.becker.794\" \/>\n<meta property=\"article:modified_time\" content=\"2025-09-03T10:02:08+00:00\" \/>\n<meta name=\"twitter:card\" content=\"summary_large_image\" \/>\n<meta name=\"twitter:label1\" content=\"Gesch\u00e4tzte Lesezeit\" \/>\n\t<meta name=\"twitter:data1\" content=\"5\u00a0Minuten\" \/>\n<script type=\"application\/ld+json\" class=\"yoast-schema-graph\">{\"@context\":\"https:\\\/\\\/schema.org\",\"@graph\":[{\"@type\":\"WebPage\",\"@id\":\"https:\\\/\\\/maikbecker.ch\\\/index.php\\\/buecher\\\/\",\"url\":\"https:\\\/\\\/maikbecker.ch\\\/index.php\\\/buecher\\\/\",\"name\":\"B\u00fccher - Maik Becker\",\"isPartOf\":{\"@id\":\"https:\\\/\\\/maikbecker.ch\\\/#website\"},\"datePublished\":\"2025-04-12T10:51:25+00:00\",\"dateModified\":\"2025-09-03T10:02:08+00:00\",\"breadcrumb\":{\"@id\":\"https:\\\/\\\/maikbecker.ch\\\/index.php\\\/buecher\\\/#breadcrumb\"},\"inLanguage\":\"de\",\"potentialAction\":[{\"@type\":\"ReadAction\",\"target\":[\"https:\\\/\\\/maikbecker.ch\\\/index.php\\\/buecher\\\/\"]}]},{\"@type\":\"BreadcrumbList\",\"@id\":\"https:\\\/\\\/maikbecker.ch\\\/index.php\\\/buecher\\\/#breadcrumb\",\"itemListElement\":[{\"@type\":\"ListItem\",\"position\":1,\"name\":\"Startseite\",\"item\":\"https:\\\/\\\/maikbecker.ch\\\/\"},{\"@type\":\"ListItem\",\"position\":2,\"name\":\"B\u00fccher\"}]},{\"@type\":\"WebSite\",\"@id\":\"https:\\\/\\\/maikbecker.ch\\\/#website\",\"url\":\"https:\\\/\\\/maikbecker.ch\\\/\",\"name\":\"Maik Becker\",\"description\":\"\",\"publisher\":{\"@id\":\"https:\\\/\\\/maikbecker.ch\\\/#\\\/schema\\\/person\\\/045cb3cc470cff41f26a4a46880f2db6\"},\"potentialAction\":[{\"@type\":\"SearchAction\",\"target\":{\"@type\":\"EntryPoint\",\"urlTemplate\":\"https:\\\/\\\/maikbecker.ch\\\/?s={search_term_string}\"},\"query-input\":{\"@type\":\"PropertyValueSpecification\",\"valueRequired\":true,\"valueName\":\"search_term_string\"}}],\"inLanguage\":\"de\"},{\"@type\":[\"Person\",\"Organization\"],\"@id\":\"https:\\\/\\\/maikbecker.ch\\\/#\\\/schema\\\/person\\\/045cb3cc470cff41f26a4a46880f2db6\",\"name\":\"admin\",\"image\":{\"@type\":\"ImageObject\",\"inLanguage\":\"de\",\"@id\":\"https:\\\/\\\/secure.gravatar.com\\\/avatar\\\/7cb8e3affbf4c4eac6085f3ccc95f3461be53bc1e4e303f445ddcddfa90371fe?s=96&d=mm&r=g\",\"url\":\"https:\\\/\\\/secure.gravatar.com\\\/avatar\\\/7cb8e3affbf4c4eac6085f3ccc95f3461be53bc1e4e303f445ddcddfa90371fe?s=96&d=mm&r=g\",\"contentUrl\":\"https:\\\/\\\/secure.gravatar.com\\\/avatar\\\/7cb8e3affbf4c4eac6085f3ccc95f3461be53bc1e4e303f445ddcddfa90371fe?s=96&d=mm&r=g\",\"caption\":\"admin\"},\"logo\":{\"@id\":\"https:\\\/\\\/secure.gravatar.com\\\/avatar\\\/7cb8e3affbf4c4eac6085f3ccc95f3461be53bc1e4e303f445ddcddfa90371fe?s=96&d=mm&r=g\"},\"sameAs\":[\"https:\\\/\\\/maikbecker.ch\",\"https:\\\/\\\/www.facebook.com\\\/maik.becker.794\",\"https:\\\/\\\/www.instagram.com\\\/maikbeckerofficial\\\/\",\"https:\\\/\\\/www.linkedin.com\\\/in\\\/maik-becker-93931242\\\/\"]}]}<\/script>\n<!-- \/ Yoast SEO plugin. -->","yoast_head_json":{"title":"B\u00fccher - Maik Becker","robots":{"index":"index","follow":"follow","max-snippet":"max-snippet:-1","max-image-preview":"max-image-preview:large","max-video-preview":"max-video-preview:-1"},"canonical":"https:\/\/maikbecker.ch\/index.php\/buecher\/","og_locale":"de_DE","og_type":"article","og_title":"B\u00fccher - Maik Becker","og_description":"[vc_row][vc_column][vc_single_image image=&#8220;15043&#8243; img_size=&#8220;full&#8220; alignment=&#8220;center&#8220; onclick=&#8220;custom_link&#8220; css=&#8220;&#8220; link=&#8220;https:\/\/maikbecker.ch\/index.php\/leseprobe-mindfulness-fuer-laeufer\/&#8220;][vc_column_text css=&#8220;&#8220;] B\u00fccherauswahl [\/vc_column_text][gsf_space desktop=&#8220;40&#8243; tablet=&#8220;30&#8243; tablet_portrait=&#8220;25&#8243; mobile_landscape=&#8220;20&#8243; mobile=&#8220;20&#8243;][\/vc_column][\/vc_row][vc_row][vc_column width=&#8220;1\/4&#8243;][vc_single_image image=&#8220;41&#8243; img_size=&#8220;large&#8220; onclick=&#8220;custom_link&#8220; img_link_target=&#8220;_blank&#8220; css=&#8220;&#8220; link=&#8220;https:\/\/maikbecker.ch\/index.php\/leseprobe-mindfulness-fuer-laeufer\/&#8220;][gsf_space desktop=&#8220;40&#8243; tablet=&#8220;30&#8243; tablet_portrait=&#8220;25&#8243; mobile_landscape=&#8220;20&#8243; mobile=&#8220;18&#8243;][\/vc_column][vc_column width=&#8220;3\/4&#8243;][vc_column_text css=&#8220;&#8220;]Mindfulness f\u00fcr [&hellip;]","og_url":"https:\/\/maikbecker.ch\/index.php\/buecher\/","og_site_name":"Maik Becker","article_publisher":"https:\/\/www.facebook.com\/maik.becker.794","article_modified_time":"2025-09-03T10:02:08+00:00","twitter_card":"summary_large_image","twitter_misc":{"Gesch\u00e4tzte Lesezeit":"5\u00a0Minuten"},"schema":{"@context":"https:\/\/schema.org","@graph":[{"@type":"WebPage","@id":"https:\/\/maikbecker.ch\/index.php\/buecher\/","url":"https:\/\/maikbecker.ch\/index.php\/buecher\/","name":"B\u00fccher - Maik Becker","isPartOf":{"@id":"https:\/\/maikbecker.ch\/#website"},"datePublished":"2025-04-12T10:51:25+00:00","dateModified":"2025-09-03T10:02:08+00:00","breadcrumb":{"@id":"https:\/\/maikbecker.ch\/index.php\/buecher\/#breadcrumb"},"inLanguage":"de","potentialAction":[{"@type":"ReadAction","target":["https:\/\/maikbecker.ch\/index.php\/buecher\/"]}]},{"@type":"BreadcrumbList","@id":"https:\/\/maikbecker.ch\/index.php\/buecher\/#breadcrumb","itemListElement":[{"@type":"ListItem","position":1,"name":"Startseite","item":"https:\/\/maikbecker.ch\/"},{"@type":"ListItem","position":2,"name":"B\u00fccher"}]},{"@type":"WebSite","@id":"https:\/\/maikbecker.ch\/#website","url":"https:\/\/maikbecker.ch\/","name":"Maik Becker","description":"","publisher":{"@id":"https:\/\/maikbecker.ch\/#\/schema\/person\/045cb3cc470cff41f26a4a46880f2db6"},"potentialAction":[{"@type":"SearchAction","target":{"@type":"EntryPoint","urlTemplate":"https:\/\/maikbecker.ch\/?s={search_term_string}"},"query-input":{"@type":"PropertyValueSpecification","valueRequired":true,"valueName":"search_term_string"}}],"inLanguage":"de"},{"@type":["Person","Organization"],"@id":"https:\/\/maikbecker.ch\/#\/schema\/person\/045cb3cc470cff41f26a4a46880f2db6","name":"admin","image":{"@type":"ImageObject","inLanguage":"de","@id":"https:\/\/secure.gravatar.com\/avatar\/7cb8e3affbf4c4eac6085f3ccc95f3461be53bc1e4e303f445ddcddfa90371fe?s=96&d=mm&r=g","url":"https:\/\/secure.gravatar.com\/avatar\/7cb8e3affbf4c4eac6085f3ccc95f3461be53bc1e4e303f445ddcddfa90371fe?s=96&d=mm&r=g","contentUrl":"https:\/\/secure.gravatar.com\/avatar\/7cb8e3affbf4c4eac6085f3ccc95f3461be53bc1e4e303f445ddcddfa90371fe?s=96&d=mm&r=g","caption":"admin"},"logo":{"@id":"https:\/\/secure.gravatar.com\/avatar\/7cb8e3affbf4c4eac6085f3ccc95f3461be53bc1e4e303f445ddcddfa90371fe?s=96&d=mm&r=g"},"sameAs":["https:\/\/maikbecker.ch","https:\/\/www.facebook.com\/maik.becker.794","https:\/\/www.instagram.com\/maikbeckerofficial\/","https:\/\/www.linkedin.com\/in\/maik-becker-93931242\/"]}]}},"_links":{"self":[{"href":"https:\/\/maikbecker.ch\/index.php\/wp-json\/wp\/v2\/pages\/43","targetHints":{"allow":["GET"]}}],"collection":[{"href":"https:\/\/maikbecker.ch\/index.php\/wp-json\/wp\/v2\/pages"}],"about":[{"href":"https:\/\/maikbecker.ch\/index.php\/wp-json\/wp\/v2\/types\/page"}],"author":[{"embeddable":true,"href":"https:\/\/maikbecker.ch\/index.php\/wp-json\/wp\/v2\/users\/1"}],"replies":[{"embeddable":true,"href":"https:\/\/maikbecker.ch\/index.php\/wp-json\/wp\/v2\/comments?post=43"}],"version-history":[{"count":43,"href":"https:\/\/maikbecker.ch\/index.php\/wp-json\/wp\/v2\/pages\/43\/revisions"}],"predecessor-version":[{"id":15607,"href":"https:\/\/maikbecker.ch\/index.php\/wp-json\/wp\/v2\/pages\/43\/revisions\/15607"}],"wp:attachment":[{"href":"https:\/\/maikbecker.ch\/index.php\/wp-json\/wp\/v2\/media?parent=43"}],"curies":[{"name":"wp","href":"https:\/\/api.w.org\/{rel}","templated":true}]}}