{"id":45,"date":"2025-04-12T10:51:49","date_gmt":"2025-04-12T10:51:49","guid":{"rendered":"https:\/\/maikbecker.ch\/?page_id=45"},"modified":"2025-05-23T15:56:48","modified_gmt":"2025-05-23T15:56:48","slug":"kontakt","status":"publish","type":"page","link":"https:\/\/maikbecker.ch\/index.php\/kontakt\/","title":{"rendered":"Kontakt"},"content":{"rendered":"<div class=\"wpb-content-wrapper\"><p>[vc_row][vc_column][vc_single_image image=&#8220;15383&#8243; img_size=&#8220;full&#8220; alignment=&#8220;center&#8220; css=&#8220;&#8220;][vc_column_text css=&#8220;&#8220;]<\/p>\n<h4 style=\"text-align: center;\"><strong>Kontaktformular<\/strong><\/h4>\n<p>[\/vc_column_text][gsf_space desktop=&#8220;40&#8243; tablet=&#8220;30&#8243; tablet_portrait=&#8220;25&#8243; mobile_landscape=&#8220;20&#8243; mobile=&#8220;20&#8243;][vc_column_text css=&#8220;&#8220;]Fragen oder Anregungen zu den B\u00fcchern, zu Wettk\u00e4mpfen oder Reisen? Oder m\u00f6chtest du interessante Themen in Bezug auf Sport, Reisen oder Abenteuer kommunizieren:<\/p>\n<p><strong>Schreib mir einfach &#8211; ich freue mich!<\/strong>[\/vc_column_text][gsf_space desktop=&#8220;70&#8243; tablet=&#8220;50&#8243; tablet_portrait=&#8220;40&#8243; mobile_landscape=&#8220;30&#8243; mobile=&#8220;25&#8243;][vc_separator css=&#8220;&#8220;][gsf_space desktop=&#8220;70&#8243; tablet=&#8220;50&#8243; tablet_portrait=&#8220;40&#8243; mobile_landscape=&#8220;30&#8243; mobile=&#8220;25&#8243;][\/vc_column][\/vc_row][vc_row][vc_column width=&#8220;2\/3&#8243; css=&#8220;.vc_custom_1745816341018{margin-right: 200px !important;padding-top: 20px !important;background-color: #F2F2F2 !important;}&#8220;][vc_column_text css=&#8220;&#8220;]\n<div class=\"wpcf7 no-js\" id=\"wpcf7-f20-o1\" lang=\"de-DE\" dir=\"ltr\" data-wpcf7-id=\"20\">\n<div class=\"screen-reader-response\"><p role=\"status\" aria-live=\"polite\" aria-atomic=\"true\"><\/p> <ul><\/ul><\/div>\n<form action=\"\/index.php\/wp-json\/wp\/v2\/pages\/45#wpcf7-f20-o1\" method=\"post\" class=\"wpcf7-form init\" aria-label=\"Kontaktformular\" novalidate=\"novalidate\" data-status=\"init\">\n<fieldset class=\"hidden-fields-container\"><input type=\"hidden\" name=\"_wpcf7\" value=\"20\" \/><input type=\"hidden\" name=\"_wpcf7_version\" value=\"6.1.5\" \/><input type=\"hidden\" name=\"_wpcf7_locale\" value=\"de_DE\" \/><input type=\"hidden\" name=\"_wpcf7_unit_tag\" value=\"wpcf7-f20-o1\" \/><input type=\"hidden\" name=\"_wpcf7_container_post\" value=\"0\" \/><input type=\"hidden\" name=\"_wpcf7_posted_data_hash\" value=\"\" \/>\n<\/fieldset>\n<p>Vorname*\n<\/p>\n<p><span class=\"wpcf7-form-control-wrap\" data-name=\"vorname\"><input size=\"40\" maxlength=\"400\" class=\"wpcf7-form-control wpcf7-text wpcf7-validates-as-required\" aria-required=\"true\" aria-invalid=\"false\" value=\"\" type=\"text\" name=\"vorname\" \/><\/span>\n<\/p>\n<p>Name*\n<\/p>\n<p><span class=\"wpcf7-form-control-wrap\" data-name=\"surname\"><input size=\"40\" maxlength=\"400\" class=\"wpcf7-form-control wpcf7-text wpcf7-validates-as-required\" aria-required=\"true\" aria-invalid=\"false\" value=\"\" type=\"text\" name=\"surname\" \/><\/span>\n<\/p>\n<p>Telefonnummer*\n<\/p>\n<p><span class=\"wpcf7-form-control-wrap\" data-name=\"telefonnummer\"><input size=\"40\" maxlength=\"400\" class=\"wpcf7-form-control wpcf7-text wpcf7-validates-as-required\" aria-required=\"true\" aria-invalid=\"false\" value=\"\" type=\"text\" name=\"telefonnummer\" \/><\/span>\n<\/p>\n<p>Email Adresse*\n<\/p>\n<p><span class=\"wpcf7-form-control-wrap\" data-name=\"email-adresse\"><input size=\"40\" maxlength=\"400\" class=\"wpcf7-form-control wpcf7-email wpcf7-validates-as-required wpcf7-text wpcf7-validates-as-email\" aria-required=\"true\" aria-invalid=\"false\" value=\"\" type=\"email\" name=\"email-adresse\" \/><\/span>\n<\/p>\n<p>Betreff\n<\/p>\n<p><span class=\"wpcf7-form-control-wrap\" data-name=\"betreff\"><input size=\"40\" maxlength=\"400\" class=\"wpcf7-form-control wpcf7-text\" aria-invalid=\"false\" value=\"\" type=\"text\" name=\"betreff\" \/><\/span>\n<\/p>\n<p>Deine Nachricht\n<\/p>\n<p><span class=\"wpcf7-form-control-wrap\" data-name=\"deine-nachricht\"><textarea cols=\"40\" rows=\"10\" maxlength=\"2000\" class=\"wpcf7-form-control wpcf7-textarea\" aria-invalid=\"false\" name=\"deine-nachricht\"><\/textarea><\/span>\n<\/p>\n<p><input class=\"wpcf7-form-control wpcf7-submit has-spinner\" type=\"submit\" value=\"Senden\" \/>\n<\/p><div class=\"wpcf7-response-output\" aria-hidden=\"true\"><\/div>\n<\/form>\n<\/div>\n[\/vc_column_text][\/vc_column][vc_column width=&#8220;1\/3&#8243;][vc_column_text css=&#8220;&#8220;]<\/p>\n<h4>Adresse<\/h4>\n<p>[\/vc_column_text][gsf_space desktop=&#8220;30&#8243; tablet=&#8220;25&#8243; tablet_portrait=&#8220;20&#8243; mobile_landscape=&#8220;20&#8243; mobile=&#8220;20&#8243;][vc_column_text css=&#8220;&#8220;]Maik Becker<br \/>\nMichael-Maggi-Str. 7<br \/>\n8046 Z\u00fcrich<br \/>\nSchweiz[\/vc_column_text][vc_column_text el_class=&#8220;&#8220; css=&#8220;&#8220;]<a href=\"mailto:kontakt@maikbecker.ch\">kontakt@maikbecker.ch<\/a>[\/vc_column_text][gsf_space desktop=&#8220;40&#8243; tablet=&#8220;30&#8243; tablet_portrait=&#8220;25&#8243; mobile_landscape=&#8220;20&#8243; mobile=&#8220;20&#8243;][vc_separator css=&#8220;&#8220;][vc_column_text css=&#8220;&#8220;]<\/p>\n<h4>Social<\/h4>\n<p>[\/vc_column_text][gsf_space desktop=&#8220;40&#8243; tablet=&#8220;30&#8243; tablet_portrait=&#8220;25&#8243; mobile_landscape=&#8220;20&#8243; mobile=&#8220;20&#8243;][gsf_social_networks social_networks=&#8220;social-facebook,social-linkedIn,social-instagram,social-email&#8220; social_size=&#8220;large&#8220;][gsf_space desktop=&#8220;40&#8243; tablet=&#8220;30&#8243; tablet_portrait=&#8220;25&#8243; mobile_landscape=&#8220;20&#8243; mobile=&#8220;20&#8243;][vc_separator css=&#8220;&#8220;][vc_column_text css=&#8220;&#8220;]<\/p>\n<h4>Aktuelles Buch<\/h4>\n<p>[\/vc_column_text][gsf_space desktop=&#8220;40&#8243; tablet=&#8220;30&#8243; tablet_portrait=&#8220;25&#8243; mobile_landscape=&#8220;20&#8243; mobile=&#8220;20&#8243;][vc_single_image image=&#8220;41&#8243; img_size=&#8220;150&#215;200&#8243; onclick=&#8220;custom_link&#8220; img_link_target=&#8220;_blank&#8220; css=&#8220;&#8220; link=&#8220;https:\/\/maikbecker.ch\/index.php\/buecher\/&#8220;][\/vc_column][\/vc_row][vc_row][vc_column][gsf_space desktop=&#8220;40&#8243; tablet=&#8220;30&#8243; tablet_portrait=&#8220;25&#8243; mobile_landscape=&#8220;20&#8243; mobile=&#8220;20&#8243;][\/vc_column][\/vc_row]<\/p>\n<\/div>","protected":false},"excerpt":{"rendered":"<p>[vc_row][vc_column][vc_single_image image=&#8220;15383&#8243; img_size=&#8220;full&#8220; alignment=&#8220;center&#8220; css=&#8220;&#8220;][vc_column_text css=&#8220;&#8220;] Kontaktformular [\/vc_column_text][gsf_space desktop=&#8220;40&#8243; tablet=&#8220;30&#8243; tablet_portrait=&#8220;25&#8243; mobile_landscape=&#8220;20&#8243; mobile=&#8220;20&#8243;][vc_column_text css=&#8220;&#8220;]Fragen oder Anregungen zu den B\u00fcchern, zu Wettk\u00e4mpfen oder Reisen? Oder m\u00f6chtest du interessante Themen in Bezug [&hellip;]<\/p>\n","protected":false},"author":1,"featured_media":15383,"parent":0,"menu_order":0,"comment_status":"closed","ping_status":"closed","template":"","meta":{"footnotes":""},"class_list":["post-45","page","type-page","status-publish","has-post-thumbnail","hentry"],"yoast_head":"<!-- This site is optimized with the Yoast SEO plugin v27.3 - https:\/\/yoast.com\/product\/yoast-seo-wordpress\/ -->\n<title>Kontakt - Maik Becker<\/title>\n<meta name=\"robots\" content=\"index, follow, max-snippet:-1, max-image-preview:large, max-video-preview:-1\" \/>\n<link rel=\"canonical\" href=\"https:\/\/maikbecker.ch\/index.php\/kontakt\/\" \/>\n<meta property=\"og:locale\" content=\"de_DE\" \/>\n<meta property=\"og:type\" content=\"article\" \/>\n<meta property=\"og:title\" content=\"Kontakt - Maik Becker\" \/>\n<meta property=\"og:description\" content=\"[vc_row][vc_column][vc_single_image image=&#8220;15383&#8243; img_size=&#8220;full&#8220; alignment=&#8220;center&#8220; css=&#8220;&#8220;][vc_column_text css=&#8220;&#8220;] Kontaktformular [\/vc_column_text][gsf_space desktop=&#8220;40&#8243; tablet=&#8220;30&#8243; tablet_portrait=&#8220;25&#8243; mobile_landscape=&#8220;20&#8243; mobile=&#8220;20&#8243;][vc_column_text css=&#8220;&#8220;]Fragen oder Anregungen zu den B\u00fcchern, zu Wettk\u00e4mpfen oder Reisen? Oder m\u00f6chtest du interessante Themen in Bezug [&hellip;]\" \/>\n<meta property=\"og:url\" content=\"https:\/\/maikbecker.ch\/index.php\/kontakt\/\" \/>\n<meta property=\"og:site_name\" content=\"Maik Becker\" \/>\n<meta property=\"article:publisher\" content=\"https:\/\/www.facebook.com\/maik.becker.794\" \/>\n<meta property=\"article:modified_time\" content=\"2025-05-23T15:56:48+00:00\" \/>\n<meta property=\"og:image\" content=\"https:\/\/maikbecker.ch\/wp-content\/uploads\/2025\/04\/kontakt-header.png\" \/>\n\t<meta property=\"og:image:width\" content=\"1920\" \/>\n\t<meta property=\"og:image:height\" content=\"630\" \/>\n\t<meta property=\"og:image:type\" content=\"image\/png\" \/>\n<meta name=\"twitter:card\" content=\"summary_large_image\" \/>\n<meta name=\"twitter:label1\" content=\"Gesch\u00e4tzte Lesezeit\" \/>\n\t<meta name=\"twitter:data1\" content=\"2\u00a0Minuten\" \/>\n<script type=\"application\/ld+json\" class=\"yoast-schema-graph\">{\"@context\":\"https:\\\/\\\/schema.org\",\"@graph\":[{\"@type\":\"WebPage\",\"@id\":\"https:\\\/\\\/maikbecker.ch\\\/index.php\\\/kontakt\\\/\",\"url\":\"https:\\\/\\\/maikbecker.ch\\\/index.php\\\/kontakt\\\/\",\"name\":\"Kontakt - Maik Becker\",\"isPartOf\":{\"@id\":\"https:\\\/\\\/maikbecker.ch\\\/#website\"},\"primaryImageOfPage\":{\"@id\":\"https:\\\/\\\/maikbecker.ch\\\/index.php\\\/kontakt\\\/#primaryimage\"},\"image\":{\"@id\":\"https:\\\/\\\/maikbecker.ch\\\/index.php\\\/kontakt\\\/#primaryimage\"},\"thumbnailUrl\":\"https:\\\/\\\/maikbecker.ch\\\/wp-content\\\/uploads\\\/2025\\\/04\\\/kontakt-header.png\",\"datePublished\":\"2025-04-12T10:51:49+00:00\",\"dateModified\":\"2025-05-23T15:56:48+00:00\",\"breadcrumb\":{\"@id\":\"https:\\\/\\\/maikbecker.ch\\\/index.php\\\/kontakt\\\/#breadcrumb\"},\"inLanguage\":\"de\",\"potentialAction\":[{\"@type\":\"ReadAction\",\"target\":[\"https:\\\/\\\/maikbecker.ch\\\/index.php\\\/kontakt\\\/\"]}]},{\"@type\":\"ImageObject\",\"inLanguage\":\"de\",\"@id\":\"https:\\\/\\\/maikbecker.ch\\\/index.php\\\/kontakt\\\/#primaryimage\",\"url\":\"https:\\\/\\\/maikbecker.ch\\\/wp-content\\\/uploads\\\/2025\\\/04\\\/kontakt-header.png\",\"contentUrl\":\"https:\\\/\\\/maikbecker.ch\\\/wp-content\\\/uploads\\\/2025\\\/04\\\/kontakt-header.png\",\"width\":1920,\"height\":630},{\"@type\":\"BreadcrumbList\",\"@id\":\"https:\\\/\\\/maikbecker.ch\\\/index.php\\\/kontakt\\\/#breadcrumb\",\"itemListElement\":[{\"@type\":\"ListItem\",\"position\":1,\"name\":\"Startseite\",\"item\":\"https:\\\/\\\/maikbecker.ch\\\/\"},{\"@type\":\"ListItem\",\"position\":2,\"name\":\"Kontakt\"}]},{\"@type\":\"WebSite\",\"@id\":\"https:\\\/\\\/maikbecker.ch\\\/#website\",\"url\":\"https:\\\/\\\/maikbecker.ch\\\/\",\"name\":\"Maik Becker\",\"description\":\"\",\"publisher\":{\"@id\":\"https:\\\/\\\/maikbecker.ch\\\/#\\\/schema\\\/person\\\/045cb3cc470cff41f26a4a46880f2db6\"},\"potentialAction\":[{\"@type\":\"SearchAction\",\"target\":{\"@type\":\"EntryPoint\",\"urlTemplate\":\"https:\\\/\\\/maikbecker.ch\\\/?s={search_term_string}\"},\"query-input\":{\"@type\":\"PropertyValueSpecification\",\"valueRequired\":true,\"valueName\":\"search_term_string\"}}],\"inLanguage\":\"de\"},{\"@type\":[\"Person\",\"Organization\"],\"@id\":\"https:\\\/\\\/maikbecker.ch\\\/#\\\/schema\\\/person\\\/045cb3cc470cff41f26a4a46880f2db6\",\"name\":\"admin\",\"image\":{\"@type\":\"ImageObject\",\"inLanguage\":\"de\",\"@id\":\"https:\\\/\\\/secure.gravatar.com\\\/avatar\\\/7cb8e3affbf4c4eac6085f3ccc95f3461be53bc1e4e303f445ddcddfa90371fe?s=96&d=mm&r=g\",\"url\":\"https:\\\/\\\/secure.gravatar.com\\\/avatar\\\/7cb8e3affbf4c4eac6085f3ccc95f3461be53bc1e4e303f445ddcddfa90371fe?s=96&d=mm&r=g\",\"contentUrl\":\"https:\\\/\\\/secure.gravatar.com\\\/avatar\\\/7cb8e3affbf4c4eac6085f3ccc95f3461be53bc1e4e303f445ddcddfa90371fe?s=96&d=mm&r=g\",\"caption\":\"admin\"},\"logo\":{\"@id\":\"https:\\\/\\\/secure.gravatar.com\\\/avatar\\\/7cb8e3affbf4c4eac6085f3ccc95f3461be53bc1e4e303f445ddcddfa90371fe?s=96&d=mm&r=g\"},\"sameAs\":[\"https:\\\/\\\/maikbecker.ch\",\"https:\\\/\\\/www.facebook.com\\\/maik.becker.794\",\"https:\\\/\\\/www.instagram.com\\\/maikbeckerofficial\\\/\",\"https:\\\/\\\/www.linkedin.com\\\/in\\\/maik-becker-93931242\\\/\"]}]}<\/script>\n<!-- \/ Yoast SEO plugin. -->","yoast_head_json":{"title":"Kontakt - Maik Becker","robots":{"index":"index","follow":"follow","max-snippet":"max-snippet:-1","max-image-preview":"max-image-preview:large","max-video-preview":"max-video-preview:-1"},"canonical":"https:\/\/maikbecker.ch\/index.php\/kontakt\/","og_locale":"de_DE","og_type":"article","og_title":"Kontakt - Maik Becker","og_description":"[vc_row][vc_column][vc_single_image image=&#8220;15383&#8243; img_size=&#8220;full&#8220; alignment=&#8220;center&#8220; css=&#8220;&#8220;][vc_column_text css=&#8220;&#8220;] Kontaktformular [\/vc_column_text][gsf_space desktop=&#8220;40&#8243; tablet=&#8220;30&#8243; tablet_portrait=&#8220;25&#8243; mobile_landscape=&#8220;20&#8243; mobile=&#8220;20&#8243;][vc_column_text css=&#8220;&#8220;]Fragen oder Anregungen zu den B\u00fcchern, zu Wettk\u00e4mpfen oder Reisen? Oder m\u00f6chtest du interessante Themen in Bezug [&hellip;]","og_url":"https:\/\/maikbecker.ch\/index.php\/kontakt\/","og_site_name":"Maik Becker","article_publisher":"https:\/\/www.facebook.com\/maik.becker.794","article_modified_time":"2025-05-23T15:56:48+00:00","og_image":[{"width":1920,"height":630,"url":"https:\/\/maikbecker.ch\/wp-content\/uploads\/2025\/04\/kontakt-header.png","type":"image\/png"}],"twitter_card":"summary_large_image","twitter_misc":{"Gesch\u00e4tzte Lesezeit":"2\u00a0Minuten"},"schema":{"@context":"https:\/\/schema.org","@graph":[{"@type":"WebPage","@id":"https:\/\/maikbecker.ch\/index.php\/kontakt\/","url":"https:\/\/maikbecker.ch\/index.php\/kontakt\/","name":"Kontakt - Maik Becker","isPartOf":{"@id":"https:\/\/maikbecker.ch\/#website"},"primaryImageOfPage":{"@id":"https:\/\/maikbecker.ch\/index.php\/kontakt\/#primaryimage"},"image":{"@id":"https:\/\/maikbecker.ch\/index.php\/kontakt\/#primaryimage"},"thumbnailUrl":"https:\/\/maikbecker.ch\/wp-content\/uploads\/2025\/04\/kontakt-header.png","datePublished":"2025-04-12T10:51:49+00:00","dateModified":"2025-05-23T15:56:48+00:00","breadcrumb":{"@id":"https:\/\/maikbecker.ch\/index.php\/kontakt\/#breadcrumb"},"inLanguage":"de","potentialAction":[{"@type":"ReadAction","target":["https:\/\/maikbecker.ch\/index.php\/kontakt\/"]}]},{"@type":"ImageObject","inLanguage":"de","@id":"https:\/\/maikbecker.ch\/index.php\/kontakt\/#primaryimage","url":"https:\/\/maikbecker.ch\/wp-content\/uploads\/2025\/04\/kontakt-header.png","contentUrl":"https:\/\/maikbecker.ch\/wp-content\/uploads\/2025\/04\/kontakt-header.png","width":1920,"height":630},{"@type":"BreadcrumbList","@id":"https:\/\/maikbecker.ch\/index.php\/kontakt\/#breadcrumb","itemListElement":[{"@type":"ListItem","position":1,"name":"Startseite","item":"https:\/\/maikbecker.ch\/"},{"@type":"ListItem","position":2,"name":"Kontakt"}]},{"@type":"WebSite","@id":"https:\/\/maikbecker.ch\/#website","url":"https:\/\/maikbecker.ch\/","name":"Maik Becker","description":"","publisher":{"@id":"https:\/\/maikbecker.ch\/#\/schema\/person\/045cb3cc470cff41f26a4a46880f2db6"},"potentialAction":[{"@type":"SearchAction","target":{"@type":"EntryPoint","urlTemplate":"https:\/\/maikbecker.ch\/?s={search_term_string}"},"query-input":{"@type":"PropertyValueSpecification","valueRequired":true,"valueName":"search_term_string"}}],"inLanguage":"de"},{"@type":["Person","Organization"],"@id":"https:\/\/maikbecker.ch\/#\/schema\/person\/045cb3cc470cff41f26a4a46880f2db6","name":"admin","image":{"@type":"ImageObject","inLanguage":"de","@id":"https:\/\/secure.gravatar.com\/avatar\/7cb8e3affbf4c4eac6085f3ccc95f3461be53bc1e4e303f445ddcddfa90371fe?s=96&d=mm&r=g","url":"https:\/\/secure.gravatar.com\/avatar\/7cb8e3affbf4c4eac6085f3ccc95f3461be53bc1e4e303f445ddcddfa90371fe?s=96&d=mm&r=g","contentUrl":"https:\/\/secure.gravatar.com\/avatar\/7cb8e3affbf4c4eac6085f3ccc95f3461be53bc1e4e303f445ddcddfa90371fe?s=96&d=mm&r=g","caption":"admin"},"logo":{"@id":"https:\/\/secure.gravatar.com\/avatar\/7cb8e3affbf4c4eac6085f3ccc95f3461be53bc1e4e303f445ddcddfa90371fe?s=96&d=mm&r=g"},"sameAs":["https:\/\/maikbecker.ch","https:\/\/www.facebook.com\/maik.becker.794","https:\/\/www.instagram.com\/maikbeckerofficial\/","https:\/\/www.linkedin.com\/in\/maik-becker-93931242\/"]}]}},"_links":{"self":[{"href":"https:\/\/maikbecker.ch\/index.php\/wp-json\/wp\/v2\/pages\/45","targetHints":{"allow":["GET"]}}],"collection":[{"href":"https:\/\/maikbecker.ch\/index.php\/wp-json\/wp\/v2\/pages"}],"about":[{"href":"https:\/\/maikbecker.ch\/index.php\/wp-json\/wp\/v2\/types\/page"}],"author":[{"embeddable":true,"href":"https:\/\/maikbecker.ch\/index.php\/wp-json\/wp\/v2\/users\/1"}],"replies":[{"embeddable":true,"href":"https:\/\/maikbecker.ch\/index.php\/wp-json\/wp\/v2\/comments?post=45"}],"version-history":[{"count":25,"href":"https:\/\/maikbecker.ch\/index.php\/wp-json\/wp\/v2\/pages\/45\/revisions"}],"predecessor-version":[{"id":15380,"href":"https:\/\/maikbecker.ch\/index.php\/wp-json\/wp\/v2\/pages\/45\/revisions\/15380"}],"wp:featuredmedia":[{"embeddable":true,"href":"https:\/\/maikbecker.ch\/index.php\/wp-json\/wp\/v2\/media\/15383"}],"wp:attachment":[{"href":"https:\/\/maikbecker.ch\/index.php\/wp-json\/wp\/v2\/media?parent=45"}],"curies":[{"name":"wp","href":"https:\/\/api.w.org\/{rel}","templated":true}]}}