{"id":47,"date":"2025-04-12T10:52:12","date_gmt":"2025-04-12T10:52:12","guid":{"rendered":"https:\/\/maikbecker.ch\/?page_id=47"},"modified":"2026-02-13T16:03:35","modified_gmt":"2026-02-13T16:03:35","slug":"bio","status":"publish","type":"page","link":"https:\/\/maikbecker.ch\/index.php\/bio\/","title":{"rendered":"Bio"},"content":{"rendered":"<div class=\"wpb-content-wrapper\"><p>[vc_row][vc_column][vc_single_image image=&#8220;78&#8243; img_size=&#8220;full&#8220; alignment=&#8220;center&#8220; css=&#8220;&#8220;][vc_column_text css=&#8220;&#8220;]<\/p>\n<h4 style=\"text-align: center;\"><strong>Leben zwischen Zeilen und Zielen<\/strong><\/h4>\n<p>[\/vc_column_text][gsf_space desktop=&#8220;40&#8243; tablet=&#8220;30&#8243; tablet_portrait=&#8220;25&#8243; mobile_landscape=&#8220;20&#8243; mobile=&#8220;20&#8243;][vc_column_text el_class=&#8220;&#8220; css=&#8220;&#8220;]Irgendwie bin ich st\u00e4ndig auf der Suche nach neuen Wettk\u00e4mpfen an ausgefallenen Destinationen. Oder eben auch gerade mal nicht. Sport treibe ich zur Gesunderhaltung und aus Spass an der Freude. Und wenn dann wieder eine interessante Herausforderung mit Startnummer ansteht, bin ich nat\u00fcrlich gerne dabei. Es geht aber auch ganz gut in den heimischen Gefilden. Ist der Rucksack mit dem Notwendigsten gepackt, gibt es kein Halten mehr. Oft ist ein leichtgewichtiges Zelt Bestandteil des Inhalts. So lassen sich Mikroabenteuer von der Haust\u00fcre aus erleben.<\/p>\n<p><strong>Aktives Leben mit Leidenschaft.<\/strong> Als Multisportler ist Ausdauersport mittlerweile zum Lebensinhalt geworden. Ein Lebenswandel ging dem allerdings voraus. Anfangs, Mitte 30, \u00fcbergewichtig, depressiv, im Arbeitsalltag gefangen, musste ein Ausgleich her. Ein Arzt hat mir Sport empfohlen. Damals noch recht ungl\u00e4ubig ist aktive Bet\u00e4tigung f\u00fcr mich heute nicht mehr wegzudenken. Distanzen jenseits des Marathons und fernab von befestigten Strassen z\u00e4hlen zu meinen Spezialit\u00e4ten. Mit der Firma <a href=\"https:\/\/www.actreme.com\/\">ACTREME sport. adventure. travel.<\/a> konnte ich mein Hobby zur Berufung machen. Boutique Reisen zu aussergew\u00f6hnlichen Laufveranstaltungen, Signature Endurance Camps, Mindfulness &amp; Sport Retreats und alles rund um das Thema Ausdauersport stehen im Mittelpunkt.<\/p>\n<p><strong>Vom Sportler zum Autor. <\/strong>Die unterschiedlichen sportlichen Erlebnisse auf allen Kontinenten und in den entferntesten Ecken erweitern den Horizont ungemein. Eine Reise ist mehr als nur eine r\u00e4umliche Ver\u00e4nderung. In den vergangenen Jahren habe ich in verschiedenen Laufmagazinen \u00fcber die Abenteuer bei Ultral\u00e4ufen berichtet. Emotionen, Freundschaften, Rivalit\u00e4t, besondere Momente \u2013 alles in Schriftform festgehalten. So bin ich dann fast ungewollt zum Schreiben gekommen. Sportfreunde haben mich ermuntert, meine Lebensgeschichte, aber auch meine Lebensphilosophie in einem Buch zu verewigen. Der Grundstein f\u00fcr das Erstlingswerk &#8222;Ein Marathon geht immer&#8220; war gelegt. Und weil das Schreiben Freude bereitet, folgt kurze Zeit sp\u00e4ter &#8222;Mindfulness f\u00fcr L\u00e4ufer&#8220;.<\/p>\n<p><strong>Blogbeitr\u00e4ge. <\/strong>Interessante Themen zum Schreiben gibt es nicht nur bei grossen Projekten. In den <a href=\"https:\/\/maikbecker.ch\/index.php\/blog\/\">Blogbeitr\u00e4gen<\/a> findest du Tipps und Tricks oder einfach unterhaltsame Erlebnisberichte rund um die Themen Sport, Abenteuer und Reisen. Als Multisportler sind die Interessen sportarten\u00fcbergreifend weit gef\u00e4chert. Weitere wichtige Interessen wie Ern\u00e4hrung und Lebensweisen kommen ebenso nicht zu kurz.[\/vc_column_text][gsf_space desktop=&#8220;40&#8243; tablet=&#8220;30&#8243; tablet_portrait=&#8220;25&#8243; mobile_landscape=&#8220;20&#8243; mobile=&#8220;20&#8243;][\/vc_column][\/vc_row][vc_row][vc_column][gsf_space desktop=&#8220;40&#8243; tablet=&#8220;30&#8243; tablet_portrait=&#8220;25&#8243; mobile_landscape=&#8220;20&#8243; mobile=&#8220;20&#8243;][vc_video link=&#8220;https:\/\/youtu.be\/7YruTviigis?feature=shared&#8220; el_width=&#8220;70&#8243; align=&#8220;center&#8220; css=&#8220;&#8220;][gsf_space desktop=&#8220;40&#8243; tablet=&#8220;30&#8243; tablet_portrait=&#8220;25&#8243; mobile_landscape=&#8220;20&#8243; mobile=&#8220;20&#8243;][gsf_space desktop=&#8220;40&#8243; tablet=&#8220;30&#8243; tablet_portrait=&#8220;25&#8243; mobile_landscape=&#8220;20&#8243; mobile=&#8220;20&#8243;][\/vc_column][\/vc_row][vc_row][vc_column][vc_separator css=&#8220;&#8220;][vc_column_text css=&#8220;&#8220;]<\/p>\n<h4 style=\"text-align: center;\"><strong>Sportliche Highlights<\/strong><\/h4>\n<p>[\/vc_column_text][gsf_space desktop=&#8220;70&#8243; tablet=&#8220;50&#8243; tablet_portrait=&#8220;40&#8243; mobile_landscape=&#8220;40&#8243; mobile=&#8220;40&#8243;][gsf_time_line values=&#8220;%5B%7B%22year%22%3A%222025%22%2C%22image%22%3A%2215499%22%2C%22description%22%3A%22*%20Burgos%20Ultra%20Stage%20Race%20Spanien%20172km%20%2F%20*%20The%20Hell%20Ultra%20480%20-%20nonstop%20Laufwettkampf%20480km%20auf%20dem%20Leh-Manali-Highway%20im%20Himalaya%20Indien%20%2F%20*%20Stoneman%20Glaciara%20Hike%20Gold%2065km%20Schweiz%20%2F%20*%20Stoneman%20Dolomiti%20Hike%20Gold%2060km%20Italien%20%2F%20*%20Mallorca%20312%20-%20mit%20dem%20Rad%20auf%20der%20urspr%C3%BCnglichen%20Streckenf%C3%BChrung%20des%20Rennrad-Klassikers%20312km%20um%20die%20Insel%20%2F%20*%20Trail%20Menorca%20Cami%20de%20Cavalls%20185km%20Spanien%20%2F%20*%20Angkor%20Wat%20Ultra%20Trail%20100km%20Kambodscha%22%7D%2C%7B%22year%22%3A%222024%22%2C%22image%22%3A%2215023%22%2C%22description%22%3A%22*%20Oman%20Desert%20Marathon%20165km%22%7D%2C%7B%22year%22%3A%222023%22%2C%22image%22%3A%2215498%22%2C%22description%22%3A%22*%20Silk%20Route%20Ultra%20122km%20Ladakh%20Indien%20%2F%20*%20High%205%20-%20f%C3%BCnf%20Marathons%20an%205%20Tagen%20im%20Himalaya%20Indien%20%2F%20*%20Amazean%20Jungle%20100km%20Thailand%22%7D%2C%7B%22year%22%3A%222022%22%2C%22image%22%3A%2214161%22%2C%22description%22%3A%22*%20Himalayan%20Stage%20Race%20160km%20Darjeeling%20Indien%20%2F%20*%20Leadville%20100%20Meilen%20USA%20%2F%20*%20GR5%20Genfersee%20-%20Nizza%20620km%20Run-Hike%20Frankreich%20%2F%20*%20Ultra%20Trail%20Voie%20Lycienne%20160km%20T%C3%BCrkei%22%7D%2C%7B%22year%22%3A%222021%22%2C%22image%22%3A%2212934%22%2C%22description%22%3A%22*%20Donauwelle%20Radtour%20durch%209%20L%C3%A4nder%20von%20der%20Quelle%20bis%20zur%20M%C3%BCndung%20der%20Donau%20-%2016%20Tage%20-%203&#8217;200km%20Schweiz%2C%20Deutschland%2C%20%C3%96sterreich%2C%20Slowakei%2C%20Ungarn%2C%20Kroatien%2C%20Serbien%2C%20Bulgarien%2C%20Rum%C3%A4nien%2C%20Ukraine%5Cn%22%7D%2C%7B%22year%22%3A%222020%22%2C%22image%22%3A%2212940%22%2C%22description%22%3A%22*%20Kilimanjaro%20Top%205&#8217;895m%20in%20speed%20Run-Hike%20Tansania%20%2F%20*%20Tour%20de%20Mont%20Blanc%20180km%20FRA%2C%20ITA%2C%20SUI%20%2F%20*%20The%20Hemisphere%20Crossing%20200km%20Sao%20Tom%C3%A9%5Cn%22%7D%2C%7B%22year%22%3A%222019%22%2C%22image%22%3A%2212961%22%2C%22description%22%3A%22*%20Ultra%20Run%20Rajasthan%20250km%20nonstop%20Indien%20%2F%20*%20Khardung%20La%20Challenge%2072km%20%C3%BCber%205&#8217;360m%20Pass%20Ladakh%20Indien%20%2F%20*%20Bluetrail%20Teneriffa%20108km%20Spanien%20%2F%20*%20The%20Last%20Secret%20200km%20Bhutan%20%2F%20*%20Marathon%20des%20Sables%20250km%20Marokko%20%2F%20*%20Alps%202%20Ocean%20320km%20Neuseeland%20%2F%20*%20Coastal%20Challenge%20236km%20Costa%20Rica%22%7D%2C%7B%22year%22%3A%222018%22%2C%22image%22%3A%2215479%22%2C%22description%22%3A%22*%20The%20Last%20Desert%20250km%20Antarktis%20%2F%20*%20Everest%20Trail%20Race%20160km%20Nepal%20%2F%20*%20Atacama%20Crossing%20250km%20Chile%20%2F%20*%20The%20Hidden%20Treasure%20220km%20Albanien%20%2F%20*%20Gobi%20March%20250km%20Mongolei%20%2F%20*%20Comrades%20Marathon%2090km%20S%C3%BCdafrika%20%2F%20*%20Run%20the%20Rann%20100%20Meilen%20Gujarat%20Indien%5Cn%22%7D%2C%7B%22year%22%3A%222017%22%2C%22image%22%3A%2215481%22%2C%22description%22%3A%22*%20Racing%20the%20Planet%20Patagonien%20250km%20Argentinien%20%2F%20*%20The%20Way%20of%20Legends%20250km%20Spanien%20%2F%20*%20TMBT%20100km%20Borneo%2FMalaysia%20%2F%20*%20Lavaredo%20Ultra%20Trail%20126km%20Italien%20%2F%20*%20Comrades%20Marathon%2090km%20S%C3%BCdafrika%20%2F%20*%20Ironman%2070.3%20Vietnam%5Cn%22%7D%2C%7B%22year%22%3A%222016%22%2C%22image%22%3A%2215500%22%2C%22description%22%3A%22*%20The%20Ancient%20Khmer%20Path%20220km%20Kambodscha%20%2F%20*%20Ironman%20Malaysia%20%2F%20*%20Kilimanjaro%20Stage%20Race%20280km%20Tansania%20%2F%20*%20Gipfel%20Stok%20Kangri%206&#8217;134m%20Ladakh%2FIndien%20%2F%20*%20Upper%20Mustang%20mit%20dem%20MTB%20Nepal%5Cn%22%7D%2C%7B%22year%22%3A%222015%22%2C%22image%22%3A%2215491%22%2C%22description%22%3A%22*%20Ironman%20Mallorca%20Spanien%22%7D%2C%7B%22year%22%3A%222014%22%2C%22image%22%3A%2215493%22%2C%22description%22%3A%22*%20Ironman%2070.3%20Philippinen%20%2F%20*%20Challenge%20Roth%20Deutschland%20%2F%20*%20Annapurna%20Circuit%20mit%20dem%20MTB%20Nepal%22%7D%2C%7B%22year%22%3A%222013%22%2C%22image%22%3A%2215495%22%2C%22description%22%3A%22*%20Ironman%2070.3%20Panama%20%2F%20*%20Fallschirm%20Kurs%20Empuriabrava%20Spanien%22%7D%2C%7B%22year%22%3A%222012%22%2C%22image%22%3A%2215496%22%2C%22description%22%3A%22*%20Challenge%20Roth%20Deutschland%22%7D%2C%7B%22year%22%3A%222010%22%2C%22image%22%3A%2215503%22%2C%22description%22%3A%22*%20Powerman%20Zofingen%20Schweiz%22%7D%2C%7B%22year%22%3A%222007%22%2C%22image%22%3A%2215502%22%2C%22description%22%3A%22*%20erster%20Triathlon%20%C3%BCber%20die%20Olympische%20Distanz%20(1.5%2F40%2F10)%20beim%20Z%C3%BCri%20Triathlon%20Schweiz%22%7D%2C%7B%22year%22%3A%222006%22%2C%22image%22%3A%2215485%22%2C%22description%22%3A%22*%20im%20Oktober%3A%20erste%20Schwimm-%20und%20Laufversuche%20mit%2036%20Jahren%20und%20knapp%20100kg%20Lebendgewicht%22%7D%5D&#8220; css_animation=&#8220;none&#8220;][gsf_space desktop=&#8220;70&#8243; tablet=&#8220;50&#8243; tablet_portrait=&#8220;40&#8243; mobile_landscape=&#8220;40&#8243; mobile=&#8220;40&#8243;][\/vc_column][\/vc_row][vc_row][vc_column][\/vc_column][\/vc_row]<\/p>\n<\/div>","protected":false},"excerpt":{"rendered":"<p>[vc_row][vc_column][vc_single_image image=&#8220;78&#8243; img_size=&#8220;full&#8220; alignment=&#8220;center&#8220; css=&#8220;&#8220;][vc_column_text css=&#8220;&#8220;] Leben zwischen Zeilen und Zielen [\/vc_column_text][gsf_space desktop=&#8220;40&#8243; tablet=&#8220;30&#8243; tablet_portrait=&#8220;25&#8243; mobile_landscape=&#8220;20&#8243; mobile=&#8220;20&#8243;][vc_column_text el_class=&#8220;&#8220; css=&#8220;&#8220;]Irgendwie bin ich st\u00e4ndig auf der Suche nach neuen Wettk\u00e4mpfen an ausgefallenen [&hellip;]<\/p>\n","protected":false},"author":1,"featured_media":0,"parent":0,"menu_order":0,"comment_status":"closed","ping_status":"closed","template":"","meta":{"footnotes":""},"class_list":["post-47","page","type-page","status-publish","hentry"],"yoast_head":"<!-- This site is optimized with the Yoast SEO plugin v27.3 - https:\/\/yoast.com\/product\/yoast-seo-wordpress\/ -->\n<title>Bio - Maik Becker<\/title>\n<meta name=\"robots\" content=\"index, follow, max-snippet:-1, max-image-preview:large, max-video-preview:-1\" \/>\n<link rel=\"canonical\" href=\"https:\/\/maikbecker.ch\/index.php\/bio\/\" \/>\n<meta property=\"og:locale\" content=\"de_DE\" \/>\n<meta property=\"og:type\" content=\"article\" \/>\n<meta property=\"og:title\" content=\"Bio - Maik Becker\" \/>\n<meta property=\"og:description\" content=\"[vc_row][vc_column][vc_single_image image=&#8220;78&#8243; img_size=&#8220;full&#8220; alignment=&#8220;center&#8220; css=&#8220;&#8220;][vc_column_text css=&#8220;&#8220;] Leben zwischen Zeilen und Zielen [\/vc_column_text][gsf_space desktop=&#8220;40&#8243; tablet=&#8220;30&#8243; tablet_portrait=&#8220;25&#8243; mobile_landscape=&#8220;20&#8243; mobile=&#8220;20&#8243;][vc_column_text el_class=&#8220;&#8220; css=&#8220;&#8220;]Irgendwie bin ich st\u00e4ndig auf der Suche nach neuen Wettk\u00e4mpfen an ausgefallenen [&hellip;]\" \/>\n<meta property=\"og:url\" content=\"https:\/\/maikbecker.ch\/index.php\/bio\/\" \/>\n<meta property=\"og:site_name\" content=\"Maik Becker\" \/>\n<meta property=\"article:publisher\" content=\"https:\/\/www.facebook.com\/maik.becker.794\" \/>\n<meta property=\"article:modified_time\" content=\"2026-02-13T16:03:35+00:00\" \/>\n<meta name=\"twitter:card\" content=\"summary_large_image\" \/>\n<meta name=\"twitter:label1\" content=\"Gesch\u00e4tzte Lesezeit\" \/>\n\t<meta name=\"twitter:data1\" content=\"3\u00a0Minuten\" \/>\n<script type=\"application\/ld+json\" class=\"yoast-schema-graph\">{\"@context\":\"https:\\\/\\\/schema.org\",\"@graph\":[{\"@type\":\"WebPage\",\"@id\":\"https:\\\/\\\/maikbecker.ch\\\/index.php\\\/bio\\\/\",\"url\":\"https:\\\/\\\/maikbecker.ch\\\/index.php\\\/bio\\\/\",\"name\":\"Bio - Maik Becker\",\"isPartOf\":{\"@id\":\"https:\\\/\\\/maikbecker.ch\\\/#website\"},\"datePublished\":\"2025-04-12T10:52:12+00:00\",\"dateModified\":\"2026-02-13T16:03:35+00:00\",\"breadcrumb\":{\"@id\":\"https:\\\/\\\/maikbecker.ch\\\/index.php\\\/bio\\\/#breadcrumb\"},\"inLanguage\":\"de\",\"potentialAction\":[{\"@type\":\"ReadAction\",\"target\":[\"https:\\\/\\\/maikbecker.ch\\\/index.php\\\/bio\\\/\"]}]},{\"@type\":\"BreadcrumbList\",\"@id\":\"https:\\\/\\\/maikbecker.ch\\\/index.php\\\/bio\\\/#breadcrumb\",\"itemListElement\":[{\"@type\":\"ListItem\",\"position\":1,\"name\":\"Startseite\",\"item\":\"https:\\\/\\\/maikbecker.ch\\\/\"},{\"@type\":\"ListItem\",\"position\":2,\"name\":\"Bio\"}]},{\"@type\":\"WebSite\",\"@id\":\"https:\\\/\\\/maikbecker.ch\\\/#website\",\"url\":\"https:\\\/\\\/maikbecker.ch\\\/\",\"name\":\"Maik Becker\",\"description\":\"\",\"publisher\":{\"@id\":\"https:\\\/\\\/maikbecker.ch\\\/#\\\/schema\\\/person\\\/045cb3cc470cff41f26a4a46880f2db6\"},\"potentialAction\":[{\"@type\":\"SearchAction\",\"target\":{\"@type\":\"EntryPoint\",\"urlTemplate\":\"https:\\\/\\\/maikbecker.ch\\\/?s={search_term_string}\"},\"query-input\":{\"@type\":\"PropertyValueSpecification\",\"valueRequired\":true,\"valueName\":\"search_term_string\"}}],\"inLanguage\":\"de\"},{\"@type\":[\"Person\",\"Organization\"],\"@id\":\"https:\\\/\\\/maikbecker.ch\\\/#\\\/schema\\\/person\\\/045cb3cc470cff41f26a4a46880f2db6\",\"name\":\"admin\",\"image\":{\"@type\":\"ImageObject\",\"inLanguage\":\"de\",\"@id\":\"https:\\\/\\\/secure.gravatar.com\\\/avatar\\\/7cb8e3affbf4c4eac6085f3ccc95f3461be53bc1e4e303f445ddcddfa90371fe?s=96&d=mm&r=g\",\"url\":\"https:\\\/\\\/secure.gravatar.com\\\/avatar\\\/7cb8e3affbf4c4eac6085f3ccc95f3461be53bc1e4e303f445ddcddfa90371fe?s=96&d=mm&r=g\",\"contentUrl\":\"https:\\\/\\\/secure.gravatar.com\\\/avatar\\\/7cb8e3affbf4c4eac6085f3ccc95f3461be53bc1e4e303f445ddcddfa90371fe?s=96&d=mm&r=g\",\"caption\":\"admin\"},\"logo\":{\"@id\":\"https:\\\/\\\/secure.gravatar.com\\\/avatar\\\/7cb8e3affbf4c4eac6085f3ccc95f3461be53bc1e4e303f445ddcddfa90371fe?s=96&d=mm&r=g\"},\"sameAs\":[\"https:\\\/\\\/maikbecker.ch\",\"https:\\\/\\\/www.facebook.com\\\/maik.becker.794\",\"https:\\\/\\\/www.instagram.com\\\/maikbeckerofficial\\\/\",\"https:\\\/\\\/www.linkedin.com\\\/in\\\/maik-becker-93931242\\\/\"]}]}<\/script>\n<!-- \/ Yoast SEO plugin. -->","yoast_head_json":{"title":"Bio - Maik Becker","robots":{"index":"index","follow":"follow","max-snippet":"max-snippet:-1","max-image-preview":"max-image-preview:large","max-video-preview":"max-video-preview:-1"},"canonical":"https:\/\/maikbecker.ch\/index.php\/bio\/","og_locale":"de_DE","og_type":"article","og_title":"Bio - Maik Becker","og_description":"[vc_row][vc_column][vc_single_image image=&#8220;78&#8243; img_size=&#8220;full&#8220; alignment=&#8220;center&#8220; css=&#8220;&#8220;][vc_column_text css=&#8220;&#8220;] Leben zwischen Zeilen und Zielen [\/vc_column_text][gsf_space desktop=&#8220;40&#8243; tablet=&#8220;30&#8243; tablet_portrait=&#8220;25&#8243; mobile_landscape=&#8220;20&#8243; mobile=&#8220;20&#8243;][vc_column_text el_class=&#8220;&#8220; css=&#8220;&#8220;]Irgendwie bin ich st\u00e4ndig auf der Suche nach neuen Wettk\u00e4mpfen an ausgefallenen [&hellip;]","og_url":"https:\/\/maikbecker.ch\/index.php\/bio\/","og_site_name":"Maik Becker","article_publisher":"https:\/\/www.facebook.com\/maik.becker.794","article_modified_time":"2026-02-13T16:03:35+00:00","twitter_card":"summary_large_image","twitter_misc":{"Gesch\u00e4tzte Lesezeit":"3\u00a0Minuten"},"schema":{"@context":"https:\/\/schema.org","@graph":[{"@type":"WebPage","@id":"https:\/\/maikbecker.ch\/index.php\/bio\/","url":"https:\/\/maikbecker.ch\/index.php\/bio\/","name":"Bio - Maik Becker","isPartOf":{"@id":"https:\/\/maikbecker.ch\/#website"},"datePublished":"2025-04-12T10:52:12+00:00","dateModified":"2026-02-13T16:03:35+00:00","breadcrumb":{"@id":"https:\/\/maikbecker.ch\/index.php\/bio\/#breadcrumb"},"inLanguage":"de","potentialAction":[{"@type":"ReadAction","target":["https:\/\/maikbecker.ch\/index.php\/bio\/"]}]},{"@type":"BreadcrumbList","@id":"https:\/\/maikbecker.ch\/index.php\/bio\/#breadcrumb","itemListElement":[{"@type":"ListItem","position":1,"name":"Startseite","item":"https:\/\/maikbecker.ch\/"},{"@type":"ListItem","position":2,"name":"Bio"}]},{"@type":"WebSite","@id":"https:\/\/maikbecker.ch\/#website","url":"https:\/\/maikbecker.ch\/","name":"Maik Becker","description":"","publisher":{"@id":"https:\/\/maikbecker.ch\/#\/schema\/person\/045cb3cc470cff41f26a4a46880f2db6"},"potentialAction":[{"@type":"SearchAction","target":{"@type":"EntryPoint","urlTemplate":"https:\/\/maikbecker.ch\/?s={search_term_string}"},"query-input":{"@type":"PropertyValueSpecification","valueRequired":true,"valueName":"search_term_string"}}],"inLanguage":"de"},{"@type":["Person","Organization"],"@id":"https:\/\/maikbecker.ch\/#\/schema\/person\/045cb3cc470cff41f26a4a46880f2db6","name":"admin","image":{"@type":"ImageObject","inLanguage":"de","@id":"https:\/\/secure.gravatar.com\/avatar\/7cb8e3affbf4c4eac6085f3ccc95f3461be53bc1e4e303f445ddcddfa90371fe?s=96&d=mm&r=g","url":"https:\/\/secure.gravatar.com\/avatar\/7cb8e3affbf4c4eac6085f3ccc95f3461be53bc1e4e303f445ddcddfa90371fe?s=96&d=mm&r=g","contentUrl":"https:\/\/secure.gravatar.com\/avatar\/7cb8e3affbf4c4eac6085f3ccc95f3461be53bc1e4e303f445ddcddfa90371fe?s=96&d=mm&r=g","caption":"admin"},"logo":{"@id":"https:\/\/secure.gravatar.com\/avatar\/7cb8e3affbf4c4eac6085f3ccc95f3461be53bc1e4e303f445ddcddfa90371fe?s=96&d=mm&r=g"},"sameAs":["https:\/\/maikbecker.ch","https:\/\/www.facebook.com\/maik.becker.794","https:\/\/www.instagram.com\/maikbeckerofficial\/","https:\/\/www.linkedin.com\/in\/maik-becker-93931242\/"]}]}},"_links":{"self":[{"href":"https:\/\/maikbecker.ch\/index.php\/wp-json\/wp\/v2\/pages\/47","targetHints":{"allow":["GET"]}}],"collection":[{"href":"https:\/\/maikbecker.ch\/index.php\/wp-json\/wp\/v2\/pages"}],"about":[{"href":"https:\/\/maikbecker.ch\/index.php\/wp-json\/wp\/v2\/types\/page"}],"author":[{"embeddable":true,"href":"https:\/\/maikbecker.ch\/index.php\/wp-json\/wp\/v2\/users\/1"}],"replies":[{"embeddable":true,"href":"https:\/\/maikbecker.ch\/index.php\/wp-json\/wp\/v2\/comments?post=47"}],"version-history":[{"count":57,"href":"https:\/\/maikbecker.ch\/index.php\/wp-json\/wp\/v2\/pages\/47\/revisions"}],"predecessor-version":[{"id":16070,"href":"https:\/\/maikbecker.ch\/index.php\/wp-json\/wp\/v2\/pages\/47\/revisions\/16070"}],"wp:attachment":[{"href":"https:\/\/maikbecker.ch\/index.php\/wp-json\/wp\/v2\/media?parent=47"}],"curies":[{"name":"wp","href":"https:\/\/api.w.org\/{rel}","templated":true}]}}